{"id":6592,"date":"2024-12-29T14:27:36","date_gmt":"2024-12-29T14:27:36","guid":{"rendered":"https:\/\/reef-misr.com\/product\/mango-iqf\/"},"modified":"2026-04-07T21:39:25","modified_gmt":"2026-04-07T21:39:25","slug":"mango-iqf","status":"publish","type":"product","link":"https:\/\/reef-misr.com\/pl\/product\/mango-iqf\/","title":{"rendered":"Mango IQF"},"content":{"rendered":"","protected":false},"excerpt":{"rendered":"<p>&nbsp;<\/p>\n<h3 style=\"text-align: center;\"><span style=\"color: #1010a1;\"><strong data-start=\"160\" data-end=\"178\">Opis produktu:<\/strong><\/span><\/h3>\n<h4 style=\"text-align: center;\"><span style=\"color: #1f991f;\"><br data-start=\"178\" data-end=\"181\" \/><strong>Mango mro\u017cone metod\u0105 IQF to pyszny i wygodny wyb\u00f3r, kt\u00f3ry zachowuje naturaln\u0105 s\u0142odycz oraz intensywny smak \u015bwie\u017cego mango. Jest bogate w witamin\u0119 C, witamin\u0119 A, b\u0142onnik pokarmowy oraz przeciwutleniacze, kt\u00f3re wspieraj\u0105 og\u00f3lne zdrowie, jednocze\u015bnie zachowuj\u0105c \u015bwie\u017co\u015b\u0107 i wysok\u0105 jako\u015b\u0107 produktu.<\/strong><br \/>\n<\/span><\/h4>\n<h3 style=\"text-align: center;\"><strong><span style=\"color: #1010a1;\">Kraje eksportu:<\/span><\/strong><\/h3>\n<h4 style=\"text-align: center;\" data-start=\"481\" data-end=\"516\"><span style=\"color: #1f991f;\"><strong>Na ca\u0142y \u015bwiat<\/strong><\/span><\/h4>\n<h3 style=\"text-align: center;\"><span style=\"color: #1010a1;\"><strong>Sezon owoc\u00f3w:<\/strong><\/span><\/h3>\n<h4 style=\"text-align: center;\"><span style=\"color: #1f991f;\"><strong>Od lipca do wrze\u015bnia<\/strong><\/span><\/h4>\n","protected":false},"featured_media":6593,"template":"","meta":[],"product_cat":[540],"product_tag":[560,559,556,557,603],"class_list":{"0":"post-6592","1":"product","2":"type-product","3":"status-publish","4":"has-post-thumbnail","6":"product_cat-mrozone-owoce","7":"product_tag-export-pl","8":"product_tag-exporter-pl","9":"product_tag-frozen-pl","10":"product_tag-iqf-pl","11":"product_tag-mango-pl","13":"first","14":"instock","15":"featured","16":"shipping-taxable","17":"product-type-simple"},"aioseo_notices":[],"_links":{"self":[{"href":"https:\/\/reef-misr.com\/pl\/wp-json\/wp\/v2\/product\/6592"}],"collection":[{"href":"https:\/\/reef-misr.com\/pl\/wp-json\/wp\/v2\/product"}],"about":[{"href":"https:\/\/reef-misr.com\/pl\/wp-json\/wp\/v2\/types\/product"}],"wp:featuredmedia":[{"embeddable":true,"href":"https:\/\/reef-misr.com\/pl\/wp-json\/wp\/v2\/media\/6593"}],"wp:attachment":[{"href":"https:\/\/reef-misr.com\/pl\/wp-json\/wp\/v2\/media?parent=6592"}],"wp:term":[{"taxonomy":"product_cat","embeddable":true,"href":"https:\/\/reef-misr.com\/pl\/wp-json\/wp\/v2\/product_cat?post=6592"},{"taxonomy":"product_tag","embeddable":true,"href":"https:\/\/reef-misr.com\/pl\/wp-json\/wp\/v2\/product_tag?post=6592"}],"curies":[{"name":"wp","href":"https:\/\/api.w.org\/{rel}","templated":true}]}}