{"id":6589,"date":"2024-12-29T14:28:39","date_gmt":"2024-12-29T14:28:39","guid":{"rendered":"https:\/\/reef-misr.com\/product\/truskawki-iqf\/"},"modified":"2026-03-21T16:52:52","modified_gmt":"2026-03-21T16:52:52","slug":"truskawki-iqf","status":"publish","type":"product","link":"https:\/\/reef-misr.com\/pl\/product\/truskawki-iqf\/","title":{"rendered":"Truskawki IQF"},"content":{"rendered":"","protected":false},"excerpt":{"rendered":"<p>&nbsp;<\/p>\n<h3 style=\"text-align: center;\"><span style=\"color: #333399;\"><strong data-start=\"173\" data-end=\"191\">Opis produktu:<\/strong><\/span><\/h3>\n<h4 style=\"text-align: center;\"><strong><span style=\"color: #008000;\">Truskawki mro\u017cone metod\u0105 IQF to wygodny i warto\u015bciowy wyb\u00f3r, kt\u00f3ry zachowuje naturaln\u0105 s\u0142odycz oraz intensywny smak \u015bwie\u017cych truskawek. S\u0105 bogate w przeciwutleniacze, witamin\u0119 C, mangan, b\u0142onnik pokarmowy oraz kwas foliowy, dzi\u0119ki czemu stanowi\u0105 zdrowy dodatek do smoothie, deser\u00f3w i wielu innych potraw.<\/span><\/strong><\/h4>\n<h3 style=\"text-align: center;\"><span style=\"color: #333399;\"><strong data-start=\"505\" data-end=\"524\">Kraje eksportu:<\/strong><\/span><\/h3>\n<h4 style=\"text-align: center;\" data-start=\"505\" data-end=\"540\"><span style=\"color: #008000;\"><strong>Na ca\u0142y \u015bwiat<\/strong><\/span><\/h4>\n<h3 style=\"text-align: center;\"><span style=\"color: #333399;\"><strong>Na ca\u0142y \u015bwiat:<\/strong><\/span><\/h3>\n<h4 style=\"text-align: center;\" data-start=\"547\" data-end=\"588\"><span style=\"color: #008000;\"><strong>Od grudnia do czerwca<\/strong><\/span><\/h4>\n","protected":false},"featured_media":6590,"template":"","meta":[],"product_cat":[540],"product_tag":[560,559,556,574,557,600],"class_list":{"0":"post-6589","1":"product","2":"type-product","3":"status-publish","4":"has-post-thumbnail","6":"product_cat-mrozone-owoce","7":"product_tag-export-pl","8":"product_tag-exporter-pl","9":"product_tag-frozen-pl","10":"product_tag-frozen-fruits-pl","11":"product_tag-iqf-pl","12":"product_tag-strawberries-pl","14":"first","15":"instock","16":"featured","17":"shipping-taxable","18":"product-type-simple"},"aioseo_notices":[],"_links":{"self":[{"href":"https:\/\/reef-misr.com\/pl\/wp-json\/wp\/v2\/product\/6589"}],"collection":[{"href":"https:\/\/reef-misr.com\/pl\/wp-json\/wp\/v2\/product"}],"about":[{"href":"https:\/\/reef-misr.com\/pl\/wp-json\/wp\/v2\/types\/product"}],"wp:featuredmedia":[{"embeddable":true,"href":"https:\/\/reef-misr.com\/pl\/wp-json\/wp\/v2\/media\/6590"}],"wp:attachment":[{"href":"https:\/\/reef-misr.com\/pl\/wp-json\/wp\/v2\/media?parent=6589"}],"wp:term":[{"taxonomy":"product_cat","embeddable":true,"href":"https:\/\/reef-misr.com\/pl\/wp-json\/wp\/v2\/product_cat?post=6589"},{"taxonomy":"product_tag","embeddable":true,"href":"https:\/\/reef-misr.com\/pl\/wp-json\/wp\/v2\/product_tag?post=6589"}],"curies":[{"name":"wp","href":"https:\/\/api.w.org\/{rel}","templated":true}]}}