{"id":6541,"date":"2017-03-09T08:10:49","date_gmt":"2017-03-09T08:10:49","guid":{"rendered":"https:\/\/reef-misr.com\/contact-us\/"},"modified":"2026-03-21T12:49:26","modified_gmt":"2026-03-21T12:49:26","slug":"contact-us","status":"publish","type":"page","link":"https:\/\/reef-misr.com\/pl\/contact-us\/","title":{"rendered":"Skontaktuj si\u0119 z nami"},"content":{"rendered":"<div class=\"wpb-content-wrapper\"><p>[vc_row bg_type=&#8221;image&#8221; bg_override=&#8221;full&#8221; css=&#8221;.vc_custom_1734052513392{background-image: url(https:\/\/reef-misr.com\/wp-content\/uploads\/2017\/03\/background-about-organiz.png?id=249) !important;}&#8221;][vc_column][g5plus_space desktop=&#8221;60&#8243; tablet=&#8221;60&#8243; tablet_portrait=&#8221;60&#8243; mobile_landscape=&#8221;60&#8243; mobile=&#8221;60&#8243;][vc_row_inner content_placement=&#8221;middle&#8221; css=&#8221;.vc_custom_1734052455973{background-position: center !important;background-repeat: no-repeat !important;background-size: contain !important;}&#8221;][vc_column_inner width=&#8221;1\/3&#8243; css_animation=&#8221;slideInDown&#8221; offset=&#8221;vc_col-xs-12&#8243;][g5plus_heading title=&#8221;Zostaw nam wiadomo\u015b\u0107&#8221; text_size=&#8221;text-small&#8221; text_font=&#8221;b-font&#8221; sub_title=&#8221;sub_title_line&#8221; align=&#8221;text-left&#8221; css_animation=&#8221;fadeIn&#8221;]\n<div class=\"wpcf7 no-js\" id=\"wpcf7-f6716-o1\" lang=\"en-US\" dir=\"ltr\" data-wpcf7-id=\"6716\">\n<div class=\"screen-reader-response\"><p role=\"status\" aria-live=\"polite\" aria-atomic=\"true\"><\/p> <ul><\/ul><\/div>\n<form action=\"\/pl\/wp-json\/wp\/v2\/pages\/6541#wpcf7-f6716-o1\" method=\"post\" class=\"wpcf7-form init\" aria-label=\"Contact form\" novalidate=\"novalidate\" data-status=\"init\">\n<div style=\"display: none;\">\n<input type=\"hidden\" name=\"_wpcf7\" value=\"6716\" \/>\n<input type=\"hidden\" name=\"_wpcf7_version\" value=\"6.0.1\" \/>\n<input type=\"hidden\" name=\"_wpcf7_locale\" value=\"en_US\" \/>\n<input type=\"hidden\" name=\"_wpcf7_unit_tag\" value=\"wpcf7-f6716-o1\" \/>\n<input type=\"hidden\" name=\"_wpcf7_container_post\" value=\"0\" \/>\n<input type=\"hidden\" name=\"_wpcf7_posted_data_hash\" value=\"\" \/>\n<\/div>\n<div class=\"g5plus-contact-form row\">\n\t<div class=\"col-md-12 col-sm-12 col-xs-12\">\n\t\t<p><span class=\"wpcf7-form-control-wrap\" data-name=\"your-name\"><input size=\"40\" maxlength=\"400\" class=\"wpcf7-form-control wpcf7-text\" aria-invalid=\"false\" placeholder=\"Imi\u0119 i nazwisko\" value=\"\" type=\"text\" name=\"your-name\" \/><\/span>\n\t\t<\/p>\n\t<\/div>\n\t<div class=\"col-md-12 col-sm-12 col-xs-12\">\n\t\t<p><span class=\"wpcf7-form-control-wrap\" data-name=\"your-email\"><input size=\"40\" maxlength=\"400\" class=\"wpcf7-form-control wpcf7-email wpcf7-validates-as-required wpcf7-text wpcf7-validates-as-email\" aria-required=\"true\" aria-invalid=\"false\" placeholder=\"Adres e-mail\" value=\"\" type=\"email\" name=\"your-email\" \/><\/span>\n\t\t<\/p>\n\t<\/div>\n\t<div class=\"col-md-12 col-sm-12 col-xs-12\">\n\t\t<p><span class=\"wpcf7-form-control-wrap\" data-name=\"your-subject\"><input size=\"40\" maxlength=\"400\" class=\"wpcf7-form-control wpcf7-text\" aria-invalid=\"false\" placeholder=\"Temat\" value=\"\" type=\"text\" name=\"your-subject\" \/><\/span>\n\t\t<\/p>\n\t<\/div>\n\t<div class=\"col-md-12 col-sm-12 col-xs-12\">\n\t\t<p><span class=\"wpcf7-form-control-wrap\" data-name=\"your-phone\"><input size=\"40\" maxlength=\"400\" class=\"wpcf7-form-control wpcf7-tel wpcf7-text wpcf7-validates-as-tel\" aria-invalid=\"false\" placeholder=\"Telefon\" value=\"\" type=\"tel\" name=\"your-phone\" \/><\/span>\n\t\t<\/p>\n\t<\/div>\n\t<div class=\"col-sm-12 col-xs-12\">\n\t\t<p><span class=\"wpcf7-form-control-wrap\" data-name=\"your-message\"><textarea cols=\"40\" rows=\"10\" maxlength=\"2000\" class=\"wpcf7-form-control wpcf7-textarea\" aria-invalid=\"false\" placeholder=\"Wiadomo\u015b\u0107\" name=\"your-message\"><\/textarea><\/span>\n\t\t<\/p>\n\t<\/div>\n\t<div class=\"btn-submit\">\n\t\t<p><input class=\"wpcf7-form-control wpcf7-submit has-spinner btn btn-lg btn-primary btn-classic btn-radius-circle\" type=\"submit\" value=\"Wy\u015blij wiadomo\u015b\u0107\" \/>\n\t\t<\/p>\n\t<\/div>\n<\/div><div class=\"wpcf7-response-output\" aria-hidden=\"true\"><\/div>\n<\/form>\n<\/div>\n[g5plus_space desktop=&#8221;90&#8243; tablet=&#8221;70&#8243; tablet_portrait=&#8221;60&#8243; mobile_landscape=&#8221;50&#8243; mobile=&#8221;40&#8243;][\/vc_column_inner][vc_column_inner width=&#8221;1\/3&#8243; css=&#8221;.vc_custom_1734912835086{margin-top: 20px !important;}&#8221;][g5plus_icon_box icon_font=&#8221;flaticon-multimedia&#8221; title=&#8221;Adres e-mail&#8221; description=&#8221;M.baran@reefeurope.pl&#8221; shape_icon=&#8221;circle-bg&#8221; bg_color_shape=&#8221;#81D742&#8243; link=&#8221;url:mailto%3AM.baran%40reefeurope.pl|target:_blank&#8221; css_animation=&#8221;slideInLeft&#8221; css=&#8221;.vc_custom_1773841774617{margin-bottom: 20px !important;}&#8221;][g5plus_icon_box icon_font=&#8221;fas fa-mobile&#8221; title=&#8221;Tel&#8221; description=&#8221;Oddzia\u0142 w Polsce:+33 667038746&#8243; shape_icon=&#8221;circle-bg&#8221; bg_color_shape=&#8221;#81D742&#8243; link=&#8221;url:http%3A%2F%2F%22tel%3A%20%2B48535586448|target:_blank&#8221; css_animation=&#8221;slideInLeft&#8221; href=&#8221;\/\/wa.me\/+201028096880`&#8221; target=&#8221;_blank&#8221; css=&#8221;.vc_custom_1773842743033{border-right-width: -30px !important;}&#8221;][vc_column_text css_animation=&#8221;fadeInLeft&#8221; css=&#8221;&#8221;]<\/p>\n<p style=\"text-align: center;\">Oddzia\u0142 w Bu\u0142garii:+359877337073<\/p>\n<p>[\/vc_column_text][vc_column_text css_animation=&#8221;fadeInLeft&#8221; css=&#8221;&#8221;]<\/p>\n<p style=\"text-align: center;\">Oddzia\u0142 w Kanadzie:+1 5875070603<\/p>\n<p>[\/vc_column_text][vc_column_text css_animation=&#8221;fadeInLeft&#8221; css=&#8221;&#8221;]<\/p>\n<p style=\"text-align: center;\">Oddzia\u0142 w Egipcie:+33 667038746<\/p>\n<p>[\/vc_column_text][\/vc_column_inner][vc_column_inner width=&#8221;1\/3&#8243;][g5plus_icon_box icon_font=&#8221;fas fa-mobile-alt&#8221; title=&#8221;WhatsApp&#8221; description=&#8221;+48 535 586 448&#8243; shape_icon=&#8221;circle-bg&#8221; bg_color_shape=&#8221;#81D742&#8243; link=&#8221;url:https%3A%2F%2Fwa.me%2F%20%2B48535586448|target:_blank&#8221; css_animation=&#8221;slideInRight&#8221; css=&#8221;.vc_custom_1773841939402{margin-bottom: 20px !important;}&#8221;][g5plus_icon_box icon_font=&#8221;flaticon-house-outline&#8221; title=&#8221;Adres&#8221; description=&#8221;Oddzia\u0142 w Polsce: 00-682 Warszawa ul. Ho\u017ca 86\/410&#8243; shape_icon=&#8221;circle-bg&#8221; bg_color_shape=&#8221;#81D742&#8243; link=&#8221;url:https%3A%2F%2Fmaps.app.goo.gl%2FrL8tds5qpJLVcuxG7|target:_blank&#8221; css_animation=&#8221;slideInRight&#8221;][vc_column_text css_animation=&#8221;fadeInRight&#8221; css=&#8221;&#8221;]<\/p>\n<p style=\"text-align: center;\">Oddzia\u0142 w Bu\u0142garii<strong data-start=\"180\" data-end=\"203\">:<\/strong> Krastova Vada, str Emiliyan Stanev 52A, Sofia 1407, Bulgaria.<\/p>\n<p>[\/vc_column_text][vc_column_text css_animation=&#8221;fadeInRight&#8221; css=&#8221;&#8221;]<\/p>\n<p style=\"text-align: center;\">Oddzia\u0142 w Kanadzie: 615 Panamount Blvd NW, Calgary, AB T3K 0J1.<\/p>\n<p>[\/vc_column_text][vc_column_text css_animation=&#8221;fadeInRight&#8221; css=&#8221;&#8221;]<\/p>\n<p style=\"text-align: center;\">Oddzia\u0142 w Egipcie: Motoubas, Kafr elshikh, Egypt.<\/p>\n<p>[\/vc_column_text][\/vc_column_inner][\/vc_row_inner][\/vc_column][\/vc_row][vc_row][vc_column][vc_gmaps link=&#8221;#E-8_JTNDaWZyYW1lJTIwc3JjJTNEJTIyaHR0cHMlM0ElMkYlMkZ3d3cuZ29vZ2xlLmNvbSUyRm1hcHMlMkZlbWJlZCUzRnBiJTNEJTIxMW0xOCUyMTFtMTIlMjExbTMlMjExZDI0NDQuMDIzNzcyNjI3OTY1JTIxMmQyMS4wMDYzNjgwMDAwMDAwMDIlMjEzZDUyLjIyNDc4NTkwMDAwMDAxJTIxMm0zJTIxMWYwJTIxMmYwJTIxM2YwJTIxM20yJTIxMWkxMDI0JTIxMmk3NjglMjE0ZjEzLjElMjEzbTMlMjExbTIlMjExczB4NDcxZWNjZWQxYzMyMDUwNSUyNTNBMHhjZTM2ZDYzNTI2MjFkNWFiJTIxMnNIbyUyNUM1JTI1QkNhJTI1MjA4NjQxMCUyNTJDJTI1MjAwMC02ODIlMjUyMFdhcnN6YXdhJTI1MkMlMjUyMFBvbGFuZCUyMTVlMCUyMTNtMiUyMTFzZW4lMjEyc2VnJTIxNHYxNzczODM1ODIzMTUxJTIxNW0yJTIxMXNlbiUyMTJzZWclMjIlMjB3aWR0aCUzRCUyMjYwMCUyMiUyMGhlaWdodCUzRCUyMjQ1MCUyMiUyMHN0eWxlJTNEJTIyYm9yZGVyJTNBMCUzQiUyMiUyMGFsbG93ZnVsbHNjcmVlbiUzRCUyMiUyMiUyMGxvYWRpbmclM0QlMjJsYXp5JTIyJTIwcmVmZXJyZXJwb2xpY3klM0QlMjJuby1yZWZlcnJlci13aGVuLWRvd25ncmFkZSUyMiUzRSUzQyUyRmlmcmFtZSUzRQ==&#8221; css=&#8221;&#8221;][g5plus_space desktop=&#8221;15&#8243; tablet=&#8221;15&#8243; tablet_portrait=&#8221;15&#8243; mobile_landscape=&#8221;15&#8243; mobile=&#8221;15&#8243;][\/vc_column][\/vc_row]<\/p>\n<\/div>","protected":false},"excerpt":{"rendered":"<p>[vc_row bg_type=&#8221;image&#8221; bg_override=&#8221;full&#8221; css=&#8221;.vc_custom_1734052513392{background-image: url(https:\/\/reef-misr.com\/wp-content\/uploads\/2017\/03\/background-about-organiz.png?id=249) !important;}&#8221;][vc_column][g5plus_space desktop=&#8221;60&#8243; tablet=&#8221;60&#8243; tablet_portrait=&#8221;60&#8243; mobile_landscape=&#8221;60&#8243; mobile=&#8221;60&#8243;][vc_row_inner content_placement=&#8221;middle&#8221; css=&#8221;.vc_custom_1734052455973{background-position: center !important;background-repeat: no-repeat !important;background-size: contain !important;}&#8221;][vc_column_inner width=&#8221;1\/3&#8243; css_animation=&#8221;slideInDown&#8221; offset=&#8221;vc_col-xs-12&#8243;][g5plus_heading title=&#8221;Zostaw nam wiadomo\u015b\u0107&#8221; text_size=&#8221;text-small&#8221; text_font=&#8221;b-font&#8221; sub_title=&#8221;sub_title_line&#8221; align=&#8221;text-left&#8221; css_animation=&#8221;fadeIn&#8221;][g5plus_space desktop=&#8221;90&#8243; tablet=&#8221;70&#8243; tablet_portrait=&#8221;60&#8243; mobile_landscape=&#8221;50&#8243; mobile=&#8221;40&#8243;][\/vc_column_inner][vc_column_inner width=&#8221;1\/3&#8243; css=&#8221;.vc_custom_1734912835086{margin-top: 20px !important;}&#8221;][g5plus_icon_box icon_font=&#8221;flaticon-multimedia&#8221; title=&#8221;Adres e-mail&#8221; description=&#8221;M.baran@reefeurope.pl&#8221; shape_icon=&#8221;circle-bg&#8221; bg_color_shape=&#8221;#81D742&#8243; link=&#8221;url:mailto%3AM.baran%40reefeurope.pl|target:_blank&#8221; css_animation=&#8221;slideInLeft&#8221; css=&#8221;.vc_custom_1773841774617{margin-bottom: 20px !important;}&#8221;][g5plus_icon_box icon_font=&#8221;fas fa-mobile&#8221; title=&#8221;Tel&#8221; description=&#8221;Oddzia\u0142 w [&hellip;]<\/p>\n","protected":false},"author":1,"featured_media":0,"parent":0,"menu_order":0,"comment_status":"closed","ping_status":"closed","template":"","meta":{"footnotes":""},"class_list":["post-6541","page","type-page","status-publish","hentry"],"aioseo_notices":[],"_links":{"self":[{"href":"https:\/\/reef-misr.com\/pl\/wp-json\/wp\/v2\/pages\/6541"}],"collection":[{"href":"https:\/\/reef-misr.com\/pl\/wp-json\/wp\/v2\/pages"}],"about":[{"href":"https:\/\/reef-misr.com\/pl\/wp-json\/wp\/v2\/types\/page"}],"author":[{"embeddable":true,"href":"https:\/\/reef-misr.com\/pl\/wp-json\/wp\/v2\/users\/1"}],"replies":[{"embeddable":true,"href":"https:\/\/reef-misr.com\/pl\/wp-json\/wp\/v2\/comments?post=6541"}],"version-history":[{"count":6,"href":"https:\/\/reef-misr.com\/pl\/wp-json\/wp\/v2\/pages\/6541\/revisions"}],"predecessor-version":[{"id":6717,"href":"https:\/\/reef-misr.com\/pl\/wp-json\/wp\/v2\/pages\/6541\/revisions\/6717"}],"wp:attachment":[{"href":"https:\/\/reef-misr.com\/pl\/wp-json\/wp\/v2\/media?parent=6541"}],"curies":[{"name":"wp","href":"https:\/\/api.w.org\/{rel}","templated":true}]}}