{"id":6533,"date":"2017-03-10T02:46:25","date_gmt":"2017-03-10T02:46:25","guid":{"rendered":"https:\/\/reef-misr.com\/about-us\/"},"modified":"2026-03-18T20:43:50","modified_gmt":"2026-03-18T20:43:50","slug":"about-us","status":"publish","type":"page","link":"https:\/\/reef-misr.com\/pl\/about-us\/","title":{"rendered":"O nas"},"content":{"rendered":"<div class=\"wpb-content-wrapper\"><p>[vc_row][vc_column css_animation=&#8221;slideInLeft&#8221; offset=&#8221;vc_col-md-6&#8243;][vc_empty_space height=&#8221;480&#8243; css=&#8221;.vc_custom_1734042714290{background-image: url(https:\/\/reef-misr.com\/wp-content\/uploads\/2024\/12\/delighted-gardener-in-strawberry-greenhouse-2023-11-27-05-06-44-utc-compressed-scaled.jpeg?id=4803) !important;background-position: center !important;background-repeat: no-repeat !important;background-size: cover !important;}&#8221;][g5plus_space desktop=&#8221;0&#8243; tablet=&#8221;30&#8243; tablet_portrait=&#8221;30&#8243; mobile_landscape=&#8221;30&#8243; mobile=&#8221;30&#8243;][\/vc_column][vc_column offset=&#8221;vc_col-md-6&#8243;][g5plus_heading title=&#8221;o Nas&#8221; text_size=&#8221;text-small&#8221; text_font=&#8221;b-font&#8221; sub_title=&#8221;sub_title_line&#8221; align=&#8221;text-left&#8221; el_class=&#8221;mg-bottom-10&#8243;][vc_column_text css_animation=&#8221;slideInRight&#8221; css=&#8221;&#8221;]<\/p>\n<h3 data-section-id=\"17rpfa4\" data-start=\"137\" data-end=\"172\"><\/h3>\n<p data-start=\"174\" data-end=\"407\"><strong data-start=\"174\" data-end=\"286\">Farma Reef Misr zosta\u0142a za\u0142o\u017cona w 1980 roku w celu uprawy oraz eksportu r\u00f3\u017cnych rodzaj\u00f3w produkt\u00f3w rolnych.<\/strong><br data-start=\"286\" data-end=\"289\" \/><strong>Fabryka Reef Misr zosta\u0142a uruchomiona w 2017 roku i specjalizuje si\u0119 w produkcji mro\u017conych warzyw i owoc\u00f3w metod\u0105 IQF.<\/strong><\/p>\n<p data-start=\"409\" data-end=\"580\"><strong>Naszym najwa\u017cniejszym atutem jest nasz zesp\u00f3\u0142, kt\u00f3ry posiada wieloletnie do\u015bwiadczenie w bran\u017cy produkt\u00f3w rolnych oraz ogromn\u0105 pasj\u0119, aby by\u0107 liderem w tej dziedzinie.<\/strong><\/p>\n<p data-start=\"582\" data-end=\"756\"><strong>Nasze relacje z dostawcami oraz wieloletnie do\u015bwiadczenie w bran\u017cy sprawiaj\u0105, \u017ce jeste\u015bmy jednym z najlepszych dostawc\u00f3w w Egipcie pod wzgl\u0119dem jako\u015bci i konkurencyjnych cen.<\/strong><\/p>\n<p data-start=\"758\" data-end=\"878\"><strong>W Reef Misr z pasj\u0105 dostarczamy najwy\u017cszej jako\u015bci produkty z \u017cyznych teren\u00f3w Egiptu na sto\u0142y klient\u00f3w na ca\u0142ym \u015bwiecie.<\/strong><\/p>\n<p data-start=\"880\" data-end=\"1069\"><strong>Jako wiod\u0105cy eksporter mro\u017conych i \u015bwie\u017cych owoc\u00f3w oraz warzyw \u0142\u0105czymy innowacj\u0119 z tradycj\u0105, aby ka\u017cdy produkt odzwierciedla\u0142 bogactwo naszego dziedzictwa oraz jako\u015b\u0107, na kt\u00f3r\u0105 zas\u0142ugujesz.<\/strong><\/p>\n<p>[\/vc_column_text][\/vc_column][vc_column][g5plus_space desktop=&#8221;90&#8243; tablet=&#8221;70&#8243; tablet_portrait=&#8221;60&#8243; mobile_landscape=&#8221;50&#8243; mobile=&#8221;40&#8243;][\/vc_column][\/vc_row][vc_row][vc_column offset=&#8221;vc_col-md-6&#8243; css=&#8221;.vc_custom_1734051927617{margin-bottom: 20px !important;}&#8221;][g5plus_heading title=&#8221;Nasza misja&#8221; text_size=&#8221;text-small&#8221; text_font=&#8221;b-font&#8221; sub_title=&#8221;sub_title_line&#8221; align=&#8221;text-left&#8221; el_class=&#8221;mg-bottom-10&#8243;][vc_column_text css_animation=&#8221;slideInLeft&#8221; css=&#8221;&#8221;]<\/p>\n<h2 data-section-id=\"1e4mzz3\" data-start=\"133\" data-end=\"167\"><\/h2>\n<p data-start=\"169\" data-end=\"344\"><strong data-start=\"169\" data-end=\"344\">Nasz\u0105 misj\u0105 jest dostarczanie wysokiej jako\u015bci mro\u017conych produkt\u00f3w w konkurencyjnych cenach dla klient\u00f3w na ca\u0142ym \u015bwiecie, zar\u00f3wno w sprzeda\u017cy detalicznej, jak i hurtowej.<\/strong><\/p>\n<p data-start=\"346\" data-end=\"592\"><strong>Nasza misja zaczyna si\u0119 ju\u017c na etapie uprawy starannie wyselekcjonowanych ro\u015blin, kt\u00f3re spe\u0142niaj\u0105 mi\u0119dzynarodowe standardy jako\u015bci. Nast\u0119pnie przechodz\u0105 one przez proces selekcji, przetwarzania i mro\u017cenia, aby uzyska\u0107 produkty najwy\u017cszej jako\u015bci.<\/strong><\/p>\n<p data-start=\"594\" data-end=\"740\"><strong>Nasza droga rozpoczyna si\u0119 od starannego pozyskiwania surowc\u00f3w z zaufanych gospodarstw rolnych, gdzie uprawy s\u0105 prowadzone z dba\u0142o\u015bci\u0105 i precyzj\u0105.<\/strong><\/p>\n<p data-start=\"742\" data-end=\"996\"><strong>Dzi\u0119ki wykorzystaniu nowoczesnych technologii zamra\u017cania zachowujemy intensywny smak, naturalny kolor oraz warto\u015bci od\u017cywcze produkt\u00f3w w ich najlepszym momencie, dzi\u0119ki czemu pozostaj\u0105 \u015bwie\u017ce i pe\u0142nowarto\u015bciowe a\u017c do momentu, gdy trafi\u0105 do Twojej kuchni.<\/strong><\/p>\n<p data-start=\"998\" data-end=\"1222\"><strong>Niezale\u017cnie od tego, czy s\u0105 to chrupi\u0105ce mro\u017cone warzywa, czy s\u0142odycz \u015bwie\u017cych owoc\u00f3w, Reef Misr zobowi\u0105zuje si\u0119 dostarcza\u0107 doskona\u0142o\u015b\u0107 sezon po sezonie, z obietnic\u0105 jako\u015bci, zr\u00f3wnowa\u017conego rozwoju oraz satysfakcji klient\u00f3w.<\/strong><\/p>\n<p>[\/vc_column_text][\/vc_column][vc_column css_animation=&#8221;slideInRight&#8221; offset=&#8221;vc_col-md-6&#8243;][vc_empty_space height=&#8221;480&#8243; css=&#8221;.vc_custom_1734043200689{background-image: url(https:\/\/reef-misr.com\/wp-content\/uploads\/2024\/12\/crate-with-vegetables-and-fruits-in-a-crop-field-2023-11-27-05-05-48-utc-compressed-scaled.jpeg?id=4807) !important;background-position: center !important;background-repeat: no-repeat !important;background-size: cover !important;}&#8221;][g5plus_space desktop=&#8221;0&#8243; tablet=&#8221;30&#8243; tablet_portrait=&#8221;30&#8243; mobile_landscape=&#8221;30&#8243; mobile=&#8221;30&#8243;][\/vc_column][\/vc_row][vc_row][vc_column][g5plus_space desktop=&#8221;90&#8243; tablet=&#8221;70&#8243; tablet_portrait=&#8221;60&#8243; mobile_landscape=&#8221;50&#8243; mobile=&#8221;40&#8243;][\/vc_column][vc_column][g5plus_heading title=&#8221;Proces produkcji&#8221; text_size=&#8221;text-small&#8221; text_font=&#8221;b-font&#8221; sub_title=&#8221;sub_title_line&#8221; css=&#8221;.vc_custom_1773865844130{margin-bottom: 38px !important;}&#8221;][vc_video link=&#8221;https:\/\/youtu.be\/aOFKhNMNzZE&#8221; align=&#8221;center&#8221; css_animation=&#8221;slideInUp&#8221; css=&#8221;&#8221; src=&#8221;&#8220;https:\/\/drive.google.com\/file\/d\/1ogmPC5htfwwusPgbG-DGlBBdRjJr_ipg\/preview&#8220;&#8221; width=&#8221;&#8220;640&#8220;&#8221;][\/vc_column][\/vc_row]<\/p>\n<\/div>","protected":false},"excerpt":{"rendered":"<p>[vc_row][vc_column css_animation=&#8221;slideInLeft&#8221; offset=&#8221;vc_col-md-6&#8243;][vc_empty_space height=&#8221;480&#8243; css=&#8221;.vc_custom_1734042714290{background-image: url(https:\/\/reef-misr.com\/wp-content\/uploads\/2024\/12\/delighted-gardener-in-strawberry-greenhouse-2023-11-27-05-06-44-utc-compressed-scaled.jpeg?id=4803) !important;background-position: center !important;background-repeat: no-repeat !important;background-size: cover !important;}&#8221;][g5plus_space desktop=&#8221;0&#8243; tablet=&#8221;30&#8243; tablet_portrait=&#8221;30&#8243; mobile_landscape=&#8221;30&#8243; mobile=&#8221;30&#8243;][\/vc_column][vc_column offset=&#8221;vc_col-md-6&#8243;][g5plus_heading title=&#8221;o Nas&#8221; text_size=&#8221;text-small&#8221; text_font=&#8221;b-font&#8221; sub_title=&#8221;sub_title_line&#8221; align=&#8221;text-left&#8221; el_class=&#8221;mg-bottom-10&#8243;][vc_column_text css_animation=&#8221;slideInRight&#8221; css=&#8221;&#8221;] Farma Reef Misr zosta\u0142a za\u0142o\u017cona w 1980 roku w celu uprawy oraz eksportu r\u00f3\u017cnych rodzaj\u00f3w produkt\u00f3w rolnych.Fabryka Reef Misr zosta\u0142a uruchomiona w 2017 roku i specjalizuje si\u0119 [&hellip;]<\/p>\n","protected":false},"author":1,"featured_media":0,"parent":0,"menu_order":0,"comment_status":"closed","ping_status":"closed","template":"","meta":{"footnotes":""},"class_list":["post-6533","page","type-page","status-publish","hentry"],"aioseo_notices":[],"_links":{"self":[{"href":"https:\/\/reef-misr.com\/pl\/wp-json\/wp\/v2\/pages\/6533"}],"collection":[{"href":"https:\/\/reef-misr.com\/pl\/wp-json\/wp\/v2\/pages"}],"about":[{"href":"https:\/\/reef-misr.com\/pl\/wp-json\/wp\/v2\/types\/page"}],"author":[{"embeddable":true,"href":"https:\/\/reef-misr.com\/pl\/wp-json\/wp\/v2\/users\/1"}],"replies":[{"embeddable":true,"href":"https:\/\/reef-misr.com\/pl\/wp-json\/wp\/v2\/comments?post=6533"}],"version-history":[{"count":3,"href":"https:\/\/reef-misr.com\/pl\/wp-json\/wp\/v2\/pages\/6533\/revisions"}],"predecessor-version":[{"id":6708,"href":"https:\/\/reef-misr.com\/pl\/wp-json\/wp\/v2\/pages\/6533\/revisions\/6708"}],"wp:attachment":[{"href":"https:\/\/reef-misr.com\/pl\/wp-json\/wp\/v2\/media?parent=6533"}],"curies":[{"name":"wp","href":"https:\/\/api.w.org\/{rel}","templated":true}]}}