{"id":6210,"date":"2010-07-18T08:42:44","date_gmt":"2010-07-18T08:42:44","guid":{"rendered":"https:\/\/reef-misr.com\/product\/onions\/"},"modified":"2025-01-27T11:51:31","modified_gmt":"2025-01-27T11:51:31","slug":"onions","status":"publish","type":"product","link":"https:\/\/reef-misr.com\/bg\/produkt\/onions\/","title":{"rendered":"Cebolas"},"content":{"rendered":"","protected":false},"excerpt":{"rendered":"<p>&nbsp;<\/p>\n<h3 style=\"text-align: center;\"><span style=\"color: #1010a1;\"><strong>\u00a0Descri\u00e7\u00e3o do Produto:<\/strong><\/span><\/h3>\n<h4 style=\"text-align: center;\"><span style=\"color: #1f991f;\"><strong>\u00a0Cebolas frescas s\u00e3o um pilar da culin\u00e1ria global, conhecidas pelo seu sabor marcante e aplica\u00e7\u00f5es vers\u00e1teis. Na Reef Misr, nossas cebolas s\u00e3o cultivadas com cuidado e colhidas no auge da qualidade para garantir que realcem cada prato em que s\u00e3o usadas.<\/strong><\/span><\/h4>\n<h3 style=\"text-align: center;\"><span style=\"color: #1010a1;\"><strong>\u00a0Pa\u00edses para os quais exportamos:<\/strong><\/span><\/h3>\n<h4 style=\"text-align: center;\"><span style=\"color: #1f991f;\"><strong>\u00a0Por todo o mundo<\/strong><\/span><\/h4>\n<h3 style=\"text-align: center;\"><span style=\"color: #1010a1;\"><strong>\u00a0Temporada de frutas:<\/strong><\/span><\/h3>\n<h4 style=\"text-align: center;\"><span style=\"color: #1f991f;\"><strong>\u00a0De mar\u00e7o a maio<\/strong><\/span><\/h4>\n","protected":false},"featured_media":6011,"template":"","meta":[],"product_cat":[297],"product_tag":[264,265,448,478],"class_list":{"0":"post-6210","1":"product","2":"type-product","3":"status-publish","4":"has-post-thumbnail","6":"product_cat-297","7":"product_tag-export-bg","8":"product_tag-exporter-bg","9":"product_tag-onion-bg","10":"product_tag-vegetables-bg","12":"first","13":"instock","14":"shipping-taxable","15":"product-type-simple"},"aioseo_notices":[],"_links":{"self":[{"href":"https:\/\/reef-misr.com\/bg\/wp-json\/wp\/v2\/product\/6210"}],"collection":[{"href":"https:\/\/reef-misr.com\/bg\/wp-json\/wp\/v2\/product"}],"about":[{"href":"https:\/\/reef-misr.com\/bg\/wp-json\/wp\/v2\/types\/product"}],"wp:featuredmedia":[{"embeddable":true,"href":"https:\/\/reef-misr.com\/bg\/wp-json\/wp\/v2\/media\/6011"}],"wp:attachment":[{"href":"https:\/\/reef-misr.com\/bg\/wp-json\/wp\/v2\/media?parent=6210"}],"wp:term":[{"taxonomy":"product_cat","embeddable":true,"href":"https:\/\/reef-misr.com\/bg\/wp-json\/wp\/v2\/product_cat?post=6210"},{"taxonomy":"product_tag","embeddable":true,"href":"https:\/\/reef-misr.com\/bg\/wp-json\/wp\/v2\/product_tag?post=6210"}],"curies":[{"name":"wp","href":"https:\/\/api.w.org\/{rel}","templated":true}]}}