{"id":6208,"date":"2013-06-07T11:12:55","date_gmt":"2013-06-07T11:12:55","guid":{"rendered":"https:\/\/reef-misr.com\/product\/adalia-lemon\/"},"modified":"2025-01-27T11:58:00","modified_gmt":"2025-01-27T11:58:00","slug":"adalia-lemon","status":"publish","type":"product","link":"https:\/\/reef-misr.com\/bg\/produkt\/adalia-lemon\/","title":{"rendered":"Lim\u00e3o Adalia"},"content":{"rendered":"","protected":false},"excerpt":{"rendered":"<h4><\/h4>\n<h3 style=\"text-align: center;\"><span style=\"color: #1010a1;\"><strong>\u00a0Descri\u00e7\u00e3o do Produto:<\/strong><\/span><\/h3>\n<h4 style=\"text-align: center;\"><span style=\"color: #1f991f;\"><strong>\u00a0Os lim\u00f5es s\u00e3o uma excelente e rica fonte de vitamina C, um nutriente essencial que protege o corpo contra defici\u00eancias no sistema imunol\u00f3gico.<\/strong><\/span><\/h4>\n<h3 style=\"text-align: center;\"><span style=\"color: #1010a1;\"><strong>\u00a0Pa\u00edses para os quais exportamos:<\/strong><\/span><\/h3>\n<h4 style=\"text-align: center;\"><span style=\"color: #1f991f;\"><strong>\u00a0Por todo o mundo<br \/>\n<\/strong><\/span><\/h4>\n<h3 style=\"text-align: center;\"><span style=\"color: #1010a1;\"><strong>\u00a0Temporada de frutas:<\/strong><\/span><\/h3>\n<h4 style=\"text-align: center;\"><span style=\"color: #1f991f;\"><strong>\u00a0De outubro a junho<\/strong><\/span><\/h4>\n<h4><\/h4>\n<p>&nbsp;<\/p>\n","protected":false},"featured_media":5683,"template":"","meta":[],"product_cat":[294],"product_tag":[419,264,265,420,508,322],"class_list":{"0":"post-6208","1":"product","2":"type-product","3":"status-publish","4":"has-post-thumbnail","6":"product_cat-294","7":"product_tag-citrus-bg","8":"product_tag-export-bg","9":"product_tag-exporter-bg","10":"product_tag-fruit-bg","11":"product_tag-lemon-bg","12":"product_tag-322","14":"first","15":"instock","16":"shipping-taxable","17":"product-type-simple"},"aioseo_notices":[],"_links":{"self":[{"href":"https:\/\/reef-misr.com\/bg\/wp-json\/wp\/v2\/product\/6208"}],"collection":[{"href":"https:\/\/reef-misr.com\/bg\/wp-json\/wp\/v2\/product"}],"about":[{"href":"https:\/\/reef-misr.com\/bg\/wp-json\/wp\/v2\/types\/product"}],"wp:featuredmedia":[{"embeddable":true,"href":"https:\/\/reef-misr.com\/bg\/wp-json\/wp\/v2\/media\/5683"}],"wp:attachment":[{"href":"https:\/\/reef-misr.com\/bg\/wp-json\/wp\/v2\/media?parent=6208"}],"wp:term":[{"taxonomy":"product_cat","embeddable":true,"href":"https:\/\/reef-misr.com\/bg\/wp-json\/wp\/v2\/product_cat?post=6208"},{"taxonomy":"product_tag","embeddable":true,"href":"https:\/\/reef-misr.com\/bg\/wp-json\/wp\/v2\/product_tag?post=6208"}],"curies":[{"name":"wp","href":"https:\/\/api.w.org\/{rel}","templated":true}]}}