{"id":6206,"date":"2013-06-07T11:38:12","date_gmt":"2013-06-07T11:38:12","guid":{"rendered":"https:\/\/reef-misr.com\/product\/spring-onions\/"},"modified":"2025-01-27T12:04:22","modified_gmt":"2025-01-27T12:04:22","slug":"spring-onions","status":"publish","type":"product","link":"https:\/\/reef-misr.com\/bg\/produkt\/spring-onions\/","title":{"rendered":"Cebolinhas"},"content":{"rendered":"","protected":false},"excerpt":{"rendered":"<p>&nbsp;<\/p>\n<h3 style=\"text-align: center;\"><span style=\"color: #1010a1;\"><strong>\u00a0Descri\u00e7\u00e3o do Produto:<\/strong><\/span><\/h3>\n<h4 style=\"text-align: center;\"><span style=\"color: #1f991f;\"><strong>\u00a0Descri\u00e7\u00e3o do Produto:<br \/>\nCebolinhas frescas, tamb\u00e9m conhecidas como scallions, s\u00e3o valorizadas pelo seu sabor delicado e textura crocante, tornando-as uma adi\u00e7\u00e3o vers\u00e1til a uma variedade de pratos. Na Reef Misr, cultivamos cebolinhas para oferecer frescor e qualidade premium a cada colheita.<\/strong><\/span><\/h4>\n<h3 style=\"text-align: center;\"><span style=\"color: #1010a1;\"><strong>\u00a0Pa\u00edses para os quais exportamos:<\/strong><\/span><\/h3>\n<h4 style=\"text-align: center;\"><span style=\"color: #1f991f;\"><strong>\u00a0Por todo o mundo<\/strong><\/span><\/h4>\n<h3 style=\"text-align: center;\"><span style=\"color: #1010a1;\"><strong>\u00a0Temporada de frutas:<\/strong><\/span><\/h3>\n<h4 style=\"text-align: center;\"><span style=\"color: #1f991f;\"><strong>\u00a0De janeiro a mar\u00e7o<\/strong><\/span><span style=\"color: #1f991f;\"><strong>&amp;\u00a0 De outubro a dezembro<\/strong><\/span><\/h4>\n","protected":false},"featured_media":6013,"template":"","meta":[],"product_cat":[297],"product_tag":[264,265,503,478,322],"class_list":{"0":"post-6206","1":"product","2":"type-product","3":"status-publish","4":"has-post-thumbnail","6":"product_cat-297","7":"product_tag-export-bg","8":"product_tag-exporter-bg","9":"product_tag-spring-onions-bg","10":"product_tag-vegetables-bg","11":"product_tag-322","13":"first","14":"instock","15":"shipping-taxable","16":"product-type-simple"},"aioseo_notices":[],"_links":{"self":[{"href":"https:\/\/reef-misr.com\/bg\/wp-json\/wp\/v2\/product\/6206"}],"collection":[{"href":"https:\/\/reef-misr.com\/bg\/wp-json\/wp\/v2\/product"}],"about":[{"href":"https:\/\/reef-misr.com\/bg\/wp-json\/wp\/v2\/types\/product"}],"wp:featuredmedia":[{"embeddable":true,"href":"https:\/\/reef-misr.com\/bg\/wp-json\/wp\/v2\/media\/6013"}],"wp:attachment":[{"href":"https:\/\/reef-misr.com\/bg\/wp-json\/wp\/v2\/media?parent=6206"}],"wp:term":[{"taxonomy":"product_cat","embeddable":true,"href":"https:\/\/reef-misr.com\/bg\/wp-json\/wp\/v2\/product_cat?post=6206"},{"taxonomy":"product_tag","embeddable":true,"href":"https:\/\/reef-misr.com\/bg\/wp-json\/wp\/v2\/product_tag?post=6206"}],"curies":[{"name":"wp","href":"https:\/\/api.w.org\/{rel}","templated":true}]}}