{"id":6202,"date":"2024-11-28T22:02:10","date_gmt":"2024-11-28T22:02:10","guid":{"rendered":"https:\/\/reef-misr.com\/product\/carrots\/"},"modified":"2025-01-27T13:01:41","modified_gmt":"2025-01-27T13:01:41","slug":"carrots","status":"publish","type":"product","link":"https:\/\/reef-misr.com\/bg\/produkt\/carrots\/","title":{"rendered":"Cenouras"},"content":{"rendered":"","protected":false},"excerpt":{"rendered":"<p>&nbsp;<\/p>\n<h3 style=\"text-align: center;\"><span style=\"color: #1010a1;\"><strong>\u00a0Descri\u00e7\u00e3o do Produto:<\/strong><\/span><\/h3>\n<h4 style=\"text-align: center;\"><span style=\"color: #1f991f;\"><strong>\u00a0Nossas cenouras frescas s\u00e3o um testemunho da simplicidade e nutri\u00e7\u00e3o da natureza. Cuidadosamente cultivadas e colhidas \u00e0 m\u00e3o, s\u00e3o ricas em vitaminas e minerais essenciais, garantindo uma adi\u00e7\u00e3o saud\u00e1vel \u00e0s suas refei\u00e7\u00f5es.<\/strong><\/span><\/h4>\n<h3 style=\"text-align: center;\"><span style=\"color: #1010a1;\"><strong>\u00a0Pa\u00edses para os quais exportamos:<\/strong><\/span><\/h3>\n<h4 style=\"text-align: center;\"><span style=\"color: #1f991f;\"><strong>\u00a0Em todo o mundo<\/strong><\/span><\/h4>\n<h3 style=\"text-align: center;\"><span style=\"color: #1010a1;\"><strong>\u00a0Temporada de frutas:<\/strong><\/span><\/h3>\n<h4 style=\"text-align: center;\"><span style=\"color: #1f991f;\"><strong>\u00a0De janeiro a dezembro<\/strong><\/span><\/h4>\n","protected":false},"featured_media":6015,"template":"","meta":[],"product_cat":[297],"product_tag":[444,264,265,478,322],"class_list":{"0":"post-6202","1":"product","2":"type-product","3":"status-publish","4":"has-post-thumbnail","6":"product_cat-297","7":"product_tag-carrots-bg","8":"product_tag-export-bg","9":"product_tag-exporter-bg","10":"product_tag-vegetables-bg","11":"product_tag-322","13":"first","14":"instock","15":"shipping-taxable","16":"product-type-simple"},"aioseo_notices":[],"_links":{"self":[{"href":"https:\/\/reef-misr.com\/bg\/wp-json\/wp\/v2\/product\/6202"}],"collection":[{"href":"https:\/\/reef-misr.com\/bg\/wp-json\/wp\/v2\/product"}],"about":[{"href":"https:\/\/reef-misr.com\/bg\/wp-json\/wp\/v2\/types\/product"}],"wp:featuredmedia":[{"embeddable":true,"href":"https:\/\/reef-misr.com\/bg\/wp-json\/wp\/v2\/media\/6015"}],"wp:attachment":[{"href":"https:\/\/reef-misr.com\/bg\/wp-json\/wp\/v2\/media?parent=6202"}],"wp:term":[{"taxonomy":"product_cat","embeddable":true,"href":"https:\/\/reef-misr.com\/bg\/wp-json\/wp\/v2\/product_cat?post=6202"},{"taxonomy":"product_tag","embeddable":true,"href":"https:\/\/reef-misr.com\/bg\/wp-json\/wp\/v2\/product_tag?post=6202"}],"curies":[{"name":"wp","href":"https:\/\/api.w.org\/{rel}","templated":true}]}}