{"id":6200,"date":"2024-11-28T22:02:12","date_gmt":"2024-11-28T22:02:12","guid":{"rendered":"https:\/\/reef-misr.com\/product\/sweet-potatoes\/"},"modified":"2025-01-27T12:48:32","modified_gmt":"2025-01-27T12:48:32","slug":"sweet-potatoes","status":"publish","type":"product","link":"https:\/\/reef-misr.com\/bg\/produkt\/sweet-potatoes\/","title":{"rendered":"Batatas-doces"},"content":{"rendered":"","protected":false},"excerpt":{"rendered":"<p>&nbsp;<\/p>\n<h3 style=\"text-align: center;\"><span style=\"color: #1010a1;\"><strong>\u00a0Descri\u00e7\u00e3o do Produto:<\/strong><\/span><\/h3>\n<h4 style=\"text-align: center;\"><span style=\"color: #1f991f;\"><strong>\u00a0Nossas batatas-doces frescas s\u00e3o uma adi\u00e7\u00e3o nutritiva e naturalmente doce \u00e0s refei\u00e7\u00f5es, apreciadas por sua versatilidade e benef\u00edcios \u00e0 sa\u00fade. Na Reef Misr, nos orgulhamos de cultivar batatas-doces de alta qualidade, garantindo frescor e excel\u00eancia a cada colheita.<\/strong><\/span><\/h4>\n<h3 style=\"text-align: center;\"><span style=\"color: #1010a1;\"><strong>\u00a0Pa\u00edses para os quais exportamos:<\/strong><\/span><\/h3>\n<h4 style=\"text-align: center;\"><span style=\"color: #1f991f;\"><strong>\u00a0Em todo o mundo<\/strong><\/span><\/h4>\n<h3 style=\"text-align: center;\"><span style=\"color: #1010a1;\"><strong>\u00a0Temporada de frutas:<\/strong><\/span><\/h3>\n<h4 style=\"text-align: center;\"><span style=\"color: #1f991f;\"><strong>\u00a0De agosto a janeiro<\/strong><\/span><\/h4>\n","protected":false},"featured_media":6017,"template":"","meta":[],"product_cat":[297],"product_tag":[264,265,458,478],"class_list":{"0":"post-6200","1":"product","2":"type-product","3":"status-publish","4":"has-post-thumbnail","6":"product_cat-297","7":"product_tag-export-bg","8":"product_tag-exporter-bg","9":"product_tag-sweet-potatoes-bg","10":"product_tag-vegetables-bg","12":"first","13":"instock","14":"shipping-taxable","15":"product-type-simple"},"aioseo_notices":[],"_links":{"self":[{"href":"https:\/\/reef-misr.com\/bg\/wp-json\/wp\/v2\/product\/6200"}],"collection":[{"href":"https:\/\/reef-misr.com\/bg\/wp-json\/wp\/v2\/product"}],"about":[{"href":"https:\/\/reef-misr.com\/bg\/wp-json\/wp\/v2\/types\/product"}],"wp:featuredmedia":[{"embeddable":true,"href":"https:\/\/reef-misr.com\/bg\/wp-json\/wp\/v2\/media\/6017"}],"wp:attachment":[{"href":"https:\/\/reef-misr.com\/bg\/wp-json\/wp\/v2\/media?parent=6200"}],"wp:term":[{"taxonomy":"product_cat","embeddable":true,"href":"https:\/\/reef-misr.com\/bg\/wp-json\/wp\/v2\/product_cat?post=6200"},{"taxonomy":"product_tag","embeddable":true,"href":"https:\/\/reef-misr.com\/bg\/wp-json\/wp\/v2\/product_tag?post=6200"}],"curies":[{"name":"wp","href":"https:\/\/api.w.org\/{rel}","templated":true}]}}