{"id":6196,"date":"2024-11-29T18:28:24","date_gmt":"2024-11-29T18:28:24","guid":{"rendered":"https:\/\/reef-misr.com\/product\/orange\/"},"modified":"2025-01-27T12:10:00","modified_gmt":"2025-01-27T12:10:00","slug":"orange","status":"publish","type":"product","link":"https:\/\/reef-misr.com\/bg\/produkt\/orange\/","title":{"rendered":"Laranja"},"content":{"rendered":"","protected":false},"excerpt":{"rendered":"<h3><\/h3>\n<h3 style=\"text-align: center;\"><span style=\"color: #1010a1;\"><strong>\u00a0Descri\u00e7\u00e3o do Produto:<\/strong><\/span><\/h3>\n<h4 style=\"text-align: center;\"><span style=\"color: #1f991f;\"><strong>\u00a0As laranjas s\u00e3o uma excelente fonte de vitamina C e est\u00e3o cheias de outros antioxidantes ben\u00e9ficos para a sa\u00fade.<\/strong><\/span><\/h4>\n<h3 style=\"text-align: center;\"><span style=\"color: #1010a1;\"><strong>\u00a0Pa\u00edses para os quais exportamos:<\/strong><\/span><\/h3>\n<h4 style=\"text-align: center;\"><span style=\"color: #1f991f;\"><strong>\u00a0Por todo o mundo<\/strong><\/span><\/h4>\n<h3 style=\"text-align: center;\"><span style=\"color: #1010a1;\"><strong>\u00a0Temporada de frutas:<\/strong><\/span><\/h3>\n<h4 style=\"text-align: center;\"><span style=\"color: #1f991f;\"><strong>\u00a0De dezembro a junho<\/strong><\/span><\/h4>\n<p>&nbsp;<\/p>\n","protected":false},"featured_media":5637,"template":"","meta":[],"product_cat":[294],"product_tag":[419,264,265,420,484,322],"class_list":{"0":"post-6196","1":"product","2":"type-product","3":"status-publish","4":"has-post-thumbnail","6":"product_cat-294","7":"product_tag-citrus-bg","8":"product_tag-export-bg","9":"product_tag-exporter-bg","10":"product_tag-fruit-bg","11":"product_tag-orange-bg","12":"product_tag-322","14":"first","15":"instock","16":"shipping-taxable","17":"product-type-simple"},"aioseo_notices":[],"_links":{"self":[{"href":"https:\/\/reef-misr.com\/bg\/wp-json\/wp\/v2\/product\/6196"}],"collection":[{"href":"https:\/\/reef-misr.com\/bg\/wp-json\/wp\/v2\/product"}],"about":[{"href":"https:\/\/reef-misr.com\/bg\/wp-json\/wp\/v2\/types\/product"}],"wp:featuredmedia":[{"embeddable":true,"href":"https:\/\/reef-misr.com\/bg\/wp-json\/wp\/v2\/media\/5637"}],"wp:attachment":[{"href":"https:\/\/reef-misr.com\/bg\/wp-json\/wp\/v2\/media?parent=6196"}],"wp:term":[{"taxonomy":"product_cat","embeddable":true,"href":"https:\/\/reef-misr.com\/bg\/wp-json\/wp\/v2\/product_cat?post=6196"},{"taxonomy":"product_tag","embeddable":true,"href":"https:\/\/reef-misr.com\/bg\/wp-json\/wp\/v2\/product_tag?post=6196"}],"curies":[{"name":"wp","href":"https:\/\/api.w.org\/{rel}","templated":true}]}}