{"id":6194,"date":"2024-12-06T23:44:17","date_gmt":"2024-12-06T23:44:17","guid":{"rendered":"https:\/\/reef-misr.com\/product\/garlic\/"},"modified":"2025-01-27T12:19:59","modified_gmt":"2025-01-27T12:19:59","slug":"garlic","status":"publish","type":"product","link":"https:\/\/reef-misr.com\/bg\/produkt\/garlic\/","title":{"rendered":"Alho"},"content":{"rendered":"","protected":false},"excerpt":{"rendered":"<p>&nbsp;<\/p>\n<h3 style=\"text-align: center;\"><span style=\"color: #1010a1;\"><strong>\u00a0Descri\u00e7\u00e3o do Produto:<\/strong><\/span><\/h3>\n<h4 style=\"text-align: center;\"><span style=\"color: #1f991f;\"><strong>\u00a0Descri\u00e7\u00e3o do Produto:<br \/>\nO alho fresco \u00e9 um item essencial na culin\u00e1ria, celebrado pelo seu sabor forte e pelos in\u00fameros benef\u00edcios \u00e0 sa\u00fade. Na Reef Misr, nosso alho \u00e9 cultivado em solos ricos em nutrientes, colhido \u00e0 m\u00e3o e cuidadosamente selecionado para garantir a mais alta qualidade para sua cozinha.<\/strong><\/span><\/h4>\n<h3 style=\"text-align: center;\"><span style=\"color: #1010a1;\"><strong>\u00a0Pa\u00edses para os quais exportamos:<\/strong><\/span><\/h3>\n<h4 style=\"text-align: center;\"><span style=\"color: #1f991f;\"><strong>\u00a0Por todo o mundo<\/strong><\/span><\/h4>\n<h3 style=\"text-align: center;\"><span style=\"color: #1010a1;\"><strong>\u00a0Temporada de frutas:<\/strong><\/span><\/h3>\n<h4 style=\"text-align: center;\"><span style=\"color: #1f991f;\"><strong>\u00a0De fevereiro a maio<\/strong><\/span><\/h4>\n","protected":false},"featured_media":6009,"template":"","meta":[],"product_cat":[297],"product_tag":[264,265,477,478,322],"class_list":{"0":"post-6194","1":"product","2":"type-product","3":"status-publish","4":"has-post-thumbnail","6":"product_cat-297","7":"product_tag-export-bg","8":"product_tag-exporter-bg","9":"product_tag-garlic-bg","10":"product_tag-vegetables-bg","11":"product_tag-322","13":"first","14":"instock","15":"shipping-taxable","16":"product-type-simple"},"aioseo_notices":[],"_links":{"self":[{"href":"https:\/\/reef-misr.com\/bg\/wp-json\/wp\/v2\/product\/6194"}],"collection":[{"href":"https:\/\/reef-misr.com\/bg\/wp-json\/wp\/v2\/product"}],"about":[{"href":"https:\/\/reef-misr.com\/bg\/wp-json\/wp\/v2\/types\/product"}],"wp:featuredmedia":[{"embeddable":true,"href":"https:\/\/reef-misr.com\/bg\/wp-json\/wp\/v2\/media\/6009"}],"wp:attachment":[{"href":"https:\/\/reef-misr.com\/bg\/wp-json\/wp\/v2\/media?parent=6194"}],"wp:term":[{"taxonomy":"product_cat","embeddable":true,"href":"https:\/\/reef-misr.com\/bg\/wp-json\/wp\/v2\/product_cat?post=6194"},{"taxonomy":"product_tag","embeddable":true,"href":"https:\/\/reef-misr.com\/bg\/wp-json\/wp\/v2\/product_tag?post=6194"}],"curies":[{"name":"wp","href":"https:\/\/api.w.org\/{rel}","templated":true}]}}