{"id":6190,"date":"2024-12-28T23:48:41","date_gmt":"2024-12-28T23:48:41","guid":{"rendered":"https:\/\/reef-misr.com\/product\/fresh-watermelon\/"},"modified":"2025-01-27T11:36:05","modified_gmt":"2025-01-27T11:36:05","slug":"fresh-watermelon","status":"publish","type":"product","link":"https:\/\/reef-misr.com\/bg\/produkt\/fresh-watermelon\/","title":{"rendered":"Melancia fresca"},"content":{"rendered":"","protected":false},"excerpt":{"rendered":"<p>&nbsp;<\/p>\n<h3 style=\"text-align: center;\"><span style=\"color: #1010a1;\"><strong>\u00a0Descri\u00e7\u00e3o do produto:<\/strong><\/span><\/h3>\n<h4 style=\"text-align: center;\"><span style=\"color: #1f991f;\"><strong>\u00a0 A melancia fresca \u00e9 uma fruta hidratante e deliciosa, celebrada pelo seu sabor doce e refrescante. Ela \u00e9 rica em \u00e1gua, vitamina C, vitamina A e antioxidantes como o licopeno, o que a torna perfeita para apoiar a hidrata\u00e7\u00e3o e a sa\u00fade geral. Aproveite-a como um lanche, em smoothies ou como uma adi\u00e7\u00e3o deliciosa a saladas e sobremesas.<\/strong><\/span><\/h4>\n<h3 style=\"text-align: center;\"><span style=\"color: #1010a1;\"><strong>\u00a0Pa\u00edses para os quais exportamos:<\/strong><\/span><\/h3>\n<h4 style=\"text-align: center;\"><span style=\"color: #1f991f;\"><strong>\u00a0Todo o mundo<\/strong><\/span><\/h4>\n<h3 style=\"text-align: center;\"><span style=\"color: #1010a1;\"><strong>\u00a0Temporada de frutas:<\/strong><\/span><\/h3>\n<h4 style=\"text-align: center;\"><span style=\"color: #1f991f;\"><strong>\u00a0De maio at\u00e9 setembro<\/strong><\/span><\/h4>\n","protected":false},"featured_media":5785,"template":"","meta":[],"product_cat":[296],"product_tag":[264,265,462,468,322],"class_list":{"0":"post-6190","1":"product","2":"type-product","3":"status-publish","4":"has-post-thumbnail","6":"product_cat-296","7":"product_tag-export-bg","8":"product_tag-exporter-bg","9":"product_tag-fruits-bg","10":"product_tag-watermelon-bg","11":"product_tag-322","13":"first","14":"instock","15":"shipping-taxable","16":"product-type-simple"},"aioseo_notices":[],"_links":{"self":[{"href":"https:\/\/reef-misr.com\/bg\/wp-json\/wp\/v2\/product\/6190"}],"collection":[{"href":"https:\/\/reef-misr.com\/bg\/wp-json\/wp\/v2\/product"}],"about":[{"href":"https:\/\/reef-misr.com\/bg\/wp-json\/wp\/v2\/types\/product"}],"wp:featuredmedia":[{"embeddable":true,"href":"https:\/\/reef-misr.com\/bg\/wp-json\/wp\/v2\/media\/5785"}],"wp:attachment":[{"href":"https:\/\/reef-misr.com\/bg\/wp-json\/wp\/v2\/media?parent=6190"}],"wp:term":[{"taxonomy":"product_cat","embeddable":true,"href":"https:\/\/reef-misr.com\/bg\/wp-json\/wp\/v2\/product_cat?post=6190"},{"taxonomy":"product_tag","embeddable":true,"href":"https:\/\/reef-misr.com\/bg\/wp-json\/wp\/v2\/product_tag?post=6190"}],"curies":[{"name":"wp","href":"https:\/\/api.w.org\/{rel}","templated":true}]}}