{"id":6188,"date":"2024-12-28T23:49:43","date_gmt":"2024-12-28T23:49:43","guid":{"rendered":"https:\/\/reef-misr.com\/product\/fresh-guava\/"},"modified":"2025-01-26T13:06:40","modified_gmt":"2025-01-26T13:06:40","slug":"fresh-guava","status":"publish","type":"product","link":"https:\/\/reef-misr.com\/bg\/produkt\/fresh-guava\/","title":{"rendered":"Goiaba fresca"},"content":{"rendered":"","protected":false},"excerpt":{"rendered":"<p>&nbsp;<\/p>\n<h3 style=\"text-align: center;\"><span style=\"color: #1010a1;\"><strong>\u00a0Descri\u00e7\u00e3o do produto:<\/strong><\/span><\/h3>\n<h4 style=\"text-align: center;\"><span style=\"color: #1f991f;\"><strong>\u00a0A goiaba fresca \u00e9 uma iguaria tropical, conhecida pelo seu sabor \u00fanico e valor nutricional excepcional. Ela \u00e9 rica em vitamina C, fibras diet\u00e9ticas, pot\u00e1ssio e antioxidantes, tornando-se uma escolha perfeita para fortalecer a imunidade e apoiar a sa\u00fade digestiva. Aproveite-a fresca, em smoothies ou como um lanche refrescante.<\/strong><\/span><\/h4>\n<h3 style=\"text-align: center;\"><span style=\"color: #1010a1;\"><strong>\u00a0Pa\u00edses para os quais exportamos<\/strong><\/span><\/h3>\n<h4 style=\"text-align: center;\"><span style=\"color: #1f991f;\"><strong>\u00a0Todo o mundo<br \/>\n<\/strong><\/span><\/h4>\n<h3 style=\"text-align: center;\"><span style=\"color: #1010a1;\"><strong>\u00a0Temporada de frutas:<\/strong><\/span><\/h3>\n<h4 style=\"text-align: center;\"><span style=\"color: #1f991f;\"><strong>\u00a0De agosto a novembro<\/strong><\/span><\/h4>\n","protected":false},"featured_media":6021,"template":"","meta":[],"product_cat":[296],"product_tag":[264,265,462,450,322],"class_list":{"0":"post-6188","1":"product","2":"type-product","3":"status-publish","4":"has-post-thumbnail","6":"product_cat-296","7":"product_tag-export-bg","8":"product_tag-exporter-bg","9":"product_tag-fruits-bg","10":"product_tag-guava-bg","11":"product_tag-322","13":"first","14":"instock","15":"shipping-taxable","16":"product-type-simple"},"aioseo_notices":[],"_links":{"self":[{"href":"https:\/\/reef-misr.com\/bg\/wp-json\/wp\/v2\/product\/6188"}],"collection":[{"href":"https:\/\/reef-misr.com\/bg\/wp-json\/wp\/v2\/product"}],"about":[{"href":"https:\/\/reef-misr.com\/bg\/wp-json\/wp\/v2\/types\/product"}],"wp:featuredmedia":[{"embeddable":true,"href":"https:\/\/reef-misr.com\/bg\/wp-json\/wp\/v2\/media\/6021"}],"wp:attachment":[{"href":"https:\/\/reef-misr.com\/bg\/wp-json\/wp\/v2\/media?parent=6188"}],"wp:term":[{"taxonomy":"product_cat","embeddable":true,"href":"https:\/\/reef-misr.com\/bg\/wp-json\/wp\/v2\/product_cat?post=6188"},{"taxonomy":"product_tag","embeddable":true,"href":"https:\/\/reef-misr.com\/bg\/wp-json\/wp\/v2\/product_tag?post=6188"}],"curies":[{"name":"wp","href":"https:\/\/api.w.org\/{rel}","templated":true}]}}