{"id":6186,"date":"2024-12-28T23:50:00","date_gmt":"2024-12-28T23:50:00","guid":{"rendered":"https:\/\/reef-misr.com\/product\/fresh-pomegranates\/"},"modified":"2025-01-26T12:46:51","modified_gmt":"2025-01-26T12:46:51","slug":"fresh-pomegranates","status":"publish","type":"product","link":"https:\/\/reef-misr.com\/bg\/produkt\/fresh-pomegranates\/","title":{"rendered":"Rom\u00e3s frescas"},"content":{"rendered":"","protected":false},"excerpt":{"rendered":"<p>&nbsp;<\/p>\n<h3 style=\"text-align: center;\"><span style=\"color: #1010a1;\"><strong><span style=\"color: #1010a1;\">Product<\/span> Description:<\/strong><\/span><\/h3>\n<h4 style=\"text-align: center;\"><span style=\"color: #1f991f;\"><strong>\u00a0As rom\u00e3s s\u00e3o uma op\u00e7\u00e3o nutritiva e vers\u00e1til, oferecendo o sabor rico e os benef\u00edcios \u00e0 sa\u00fade das rom\u00e3s frescas. Elas s\u00e3o repletas de antioxidantes, vitamina C, vitamina K, fibras diet\u00e9ticas e pot\u00e1ssio, que auxiliam na sa\u00fade geral e adicionam um toque de frescor a diversos pratos.<\/strong><\/span><\/h4>\n<h3 style=\"text-align: center;\"><span style=\"color: #1010a1;\"><strong>\u00a0Pa\u00edses para os quais exportamos:<\/strong><\/span><\/h3>\n<h4 style=\"text-align: center;\"><span style=\"color: #1f991f;\"><strong>\u00a0Todo o mundo<\/strong><\/span><\/h4>\n<h3 style=\"text-align: center;\"><span style=\"color: #1010a1;\"><strong>\u00a0Temporada de frutas:<\/strong><\/span><\/h3>\n<h4 style=\"text-align: center;\"><span style=\"color: #1f991f;\"><strong>\u00a0De setembro a novembro<\/strong><\/span><\/h4>\n","protected":false},"featured_media":5771,"template":"","meta":[],"product_cat":[296],"product_tag":[264,265,462,456,322],"class_list":{"0":"post-6186","1":"product","2":"type-product","3":"status-publish","4":"has-post-thumbnail","6":"product_cat-296","7":"product_tag-export-bg","8":"product_tag-exporter-bg","9":"product_tag-fruits-bg","10":"product_tag-pomegranates-bg","11":"product_tag-322","13":"first","14":"instock","15":"shipping-taxable","16":"product-type-simple"},"aioseo_notices":[],"_links":{"self":[{"href":"https:\/\/reef-misr.com\/bg\/wp-json\/wp\/v2\/product\/6186"}],"collection":[{"href":"https:\/\/reef-misr.com\/bg\/wp-json\/wp\/v2\/product"}],"about":[{"href":"https:\/\/reef-misr.com\/bg\/wp-json\/wp\/v2\/types\/product"}],"wp:featuredmedia":[{"embeddable":true,"href":"https:\/\/reef-misr.com\/bg\/wp-json\/wp\/v2\/media\/5771"}],"wp:attachment":[{"href":"https:\/\/reef-misr.com\/bg\/wp-json\/wp\/v2\/media?parent=6186"}],"wp:term":[{"taxonomy":"product_cat","embeddable":true,"href":"https:\/\/reef-misr.com\/bg\/wp-json\/wp\/v2\/product_cat?post=6186"},{"taxonomy":"product_tag","embeddable":true,"href":"https:\/\/reef-misr.com\/bg\/wp-json\/wp\/v2\/product_tag?post=6186"}],"curies":[{"name":"wp","href":"https:\/\/api.w.org\/{rel}","templated":true}]}}