{"id":6184,"date":"2024-12-28T23:51:32","date_gmt":"2024-12-28T23:51:32","guid":{"rendered":"https:\/\/reef-misr.com\/product\/fresh-mango\/"},"modified":"2025-01-26T12:30:19","modified_gmt":"2025-01-26T12:30:19","slug":"fresh-mango","status":"publish","type":"product","link":"https:\/\/reef-misr.com\/bg\/produkt\/fresh-mango\/","title":{"rendered":"Manga fresca"},"content":{"rendered":"","protected":false},"excerpt":{"rendered":"<p>&nbsp;<\/p>\n<h3 style=\"text-align: center;\"><span style=\"color: #1010a1;\"><strong>\u00a0Descri\u00e7\u00e3o do produto:<\/strong><\/span><\/h3>\n<h4 style=\"text-align: center;\"><span style=\"color: #1f991f;\"><strong>\u00a0A manga \u00e9 uma escolha deliciosa e conveniente, repleta de nutrientes essenciais e do\u00e7ura natural. \u00c9 rica em vitamina C, vitamina A, fibra alimentar e antioxidantes, que promovem a sa\u00fade geral, ao mesmo tempo que preservam o sabor vibrante e a frescura da manga.<\/strong><\/span><\/h4>\n<h3 style=\"text-align: center;\"><span style=\"color: #1010a1;\"><strong>\u00a0Pa\u00edses para os quais exportamos:<\/strong><\/span><\/h3>\n<h4 style=\"text-align: center;\"><span style=\"color: #1f991f;\"><strong>\u00a0Todo o mundo<\/strong><\/span><\/h4>\n<h3 style=\"text-align: center;\"><span style=\"color: #1010a1;\"><strong>\u00a0Temporada de frutas:<\/strong><\/span><\/h3>\n<h4 style=\"text-align: center;\"><span style=\"color: #1f991f;\"><strong>\u00a0De julho a setembro<\/strong><\/span><\/h4>\n","protected":false},"featured_media":5711,"template":"","meta":[],"product_cat":[296],"product_tag":[264,265,462,436,322],"class_list":{"0":"post-6184","1":"product","2":"type-product","3":"status-publish","4":"has-post-thumbnail","6":"product_cat-296","7":"product_tag-export-bg","8":"product_tag-exporter-bg","9":"product_tag-fruits-bg","10":"product_tag-mango-bg","11":"product_tag-322","13":"first","14":"instock","15":"featured","16":"shipping-taxable","17":"product-type-simple"},"aioseo_notices":[],"_links":{"self":[{"href":"https:\/\/reef-misr.com\/bg\/wp-json\/wp\/v2\/product\/6184"}],"collection":[{"href":"https:\/\/reef-misr.com\/bg\/wp-json\/wp\/v2\/product"}],"about":[{"href":"https:\/\/reef-misr.com\/bg\/wp-json\/wp\/v2\/types\/product"}],"wp:featuredmedia":[{"embeddable":true,"href":"https:\/\/reef-misr.com\/bg\/wp-json\/wp\/v2\/media\/5711"}],"wp:attachment":[{"href":"https:\/\/reef-misr.com\/bg\/wp-json\/wp\/v2\/media?parent=6184"}],"wp:term":[{"taxonomy":"product_cat","embeddable":true,"href":"https:\/\/reef-misr.com\/bg\/wp-json\/wp\/v2\/product_cat?post=6184"},{"taxonomy":"product_tag","embeddable":true,"href":"https:\/\/reef-misr.com\/bg\/wp-json\/wp\/v2\/product_tag?post=6184"}],"curies":[{"name":"wp","href":"https:\/\/api.w.org\/{rel}","templated":true}]}}