{"id":6182,"date":"2024-12-28T23:52:39","date_gmt":"2024-12-28T23:52:39","guid":{"rendered":"https:\/\/reef-misr.com\/product\/fresh-strawberry-2\/"},"modified":"2025-01-26T09:42:35","modified_gmt":"2025-01-26T09:42:35","slug":"fresh-strawberry-2","status":"publish","type":"product","link":"https:\/\/reef-misr.com\/bg\/produkt\/fresh-strawberry-2\/","title":{"rendered":"Morango fresco."},"content":{"rendered":"","protected":false},"excerpt":{"rendered":"<h3 style=\"text-align: center;\"><span style=\"color: #1010a1;\"><strong>\u00a0Descri\u00e7\u00e3o do produto:<\/strong><\/span><\/h3>\n<h4 style=\"text-align: center;\"><span style=\"color: #1f991f;\"><strong>\u00a0Os morangos s\u00e3o uma escolha conveniente e nutritiva, mantendo a do\u00e7ura natural e o sabor vibrante dos morangos frescos. Eles s\u00e3o ricos em antioxidantes, vitamina C, mangan\u00eas, fibra alimentar e folato, tornando-os uma adi\u00e7\u00e3o saud\u00e1vel a smoothies, sobremesas e outras receitas.<\/strong><\/span><\/h4>\n<h3 style=\"text-align: center;\"><span style=\"color: #1010a1;\"><strong>\u00a0Pa\u00edses para os quais exportamos:<\/strong><\/span><\/h3>\n<h4 style=\"text-align: center;\"><span style=\"color: #1f991f;\"><strong>\u00a0Para todo o mundo.<\/strong><\/span><\/h4>\n<h3 style=\"text-align: center;\"><span style=\"color: #1010a1;\"><strong>\u00a0Temporada da fruta:<\/strong><\/span><\/h3>\n<h4 style=\"text-align: center;\"><span style=\"color: #1f991f;\"><strong>\u00a0De dezembro a junho.<\/strong><\/span><\/h4>\n","protected":false},"featured_media":6019,"template":"","meta":[],"product_cat":[296],"product_tag":[264,265,462,269,463,322],"class_list":{"0":"post-6182","1":"product","2":"type-product","3":"status-publish","4":"has-post-thumbnail","6":"product_cat-296","7":"product_tag-export-bg","8":"product_tag-exporter-bg","9":"product_tag-fruits-bg","10":"product_tag-strawberries-bg","11":"product_tag-strawberry-bg","12":"product_tag-322","14":"first","15":"instock","16":"featured","17":"shipping-taxable","18":"product-type-simple"},"aioseo_notices":[],"_links":{"self":[{"href":"https:\/\/reef-misr.com\/bg\/wp-json\/wp\/v2\/product\/6182"}],"collection":[{"href":"https:\/\/reef-misr.com\/bg\/wp-json\/wp\/v2\/product"}],"about":[{"href":"https:\/\/reef-misr.com\/bg\/wp-json\/wp\/v2\/types\/product"}],"wp:featuredmedia":[{"embeddable":true,"href":"https:\/\/reef-misr.com\/bg\/wp-json\/wp\/v2\/media\/6019"}],"wp:attachment":[{"href":"https:\/\/reef-misr.com\/bg\/wp-json\/wp\/v2\/media?parent=6182"}],"wp:term":[{"taxonomy":"product_cat","embeddable":true,"href":"https:\/\/reef-misr.com\/bg\/wp-json\/wp\/v2\/product_cat?post=6182"},{"taxonomy":"product_tag","embeddable":true,"href":"https:\/\/reef-misr.com\/bg\/wp-json\/wp\/v2\/product_tag?post=6182"}],"curies":[{"name":"wp","href":"https:\/\/api.w.org\/{rel}","templated":true}]}}