{"id":6180,"date":"2024-12-29T14:10:14","date_gmt":"2024-12-29T14:10:14","guid":{"rendered":"https:\/\/reef-misr.com\/product\/iqf-fava-beans\/"},"modified":"2025-01-26T09:51:46","modified_gmt":"2025-01-26T09:51:46","slug":"iqf-fava-beans","status":"publish","type":"product","link":"https:\/\/reef-misr.com\/bg\/produkt\/iqf-fava-beans\/","title":{"rendered":"Ervilhas Fava IQF"},"content":{"rendered":"","protected":false},"excerpt":{"rendered":"<p>&nbsp;<\/p>\n<h3 style=\"text-align: center;\"><span style=\"color: #1010a1;\"><strong>\u00a0Descri\u00e7\u00e3o do produto:<\/strong><\/span><\/h3>\n<h4 style=\"text-align: center;\"><span style=\"color: #1f991f;\"><strong>\u00a0 As ervilhas fava IQF s\u00e3o uma op\u00e7\u00e3o saud\u00e1vel e conveniente, mantendo seu sabor fresco e textura cremosa. S\u00e3o uma excelente fonte de prote\u00edna, fibra alimentar, folato, ferro e pot\u00e1ssio, tornando-as uma escolha nutritiva para promover energia e sa\u00fade geral. Perfeitas para sopas, ensopados, saladas e pratos tradicionais.<\/strong><\/span><\/h4>\n<h3 style=\"text-align: center;\"><span style=\"color: #1010a1;\"><strong>\u00a0Pa\u00edses para os quais exportamos:<\/strong><\/span><\/h3>\n<h4 style=\"text-align: center;\"><span style=\"color: #1f991f;\"><strong>\u00a0Para todo o mundo.<\/strong><\/span><\/h4>\n<h3 style=\"text-align: center;\"><span style=\"color: #1010a1;\"><strong>\u00a0Temporada da fruta:<\/strong><\/span><\/h3>\n<h4 style=\"text-align: center;\"><span style=\"color: #1f991f;\"><strong>\u00a0De janeiro a abril.<\/strong><\/span><\/h4>\n","protected":false},"featured_media":5747,"template":"","meta":[],"product_cat":[298],"product_tag":[264,265,319,266,268],"class_list":{"0":"post-6180","1":"product","2":"type-product","3":"status-publish","4":"has-post-thumbnail","6":"product_cat-298","7":"product_tag-export-bg","8":"product_tag-exporter-bg","9":"product_tag-fava-","10":"product_tag-frozen-bg","11":"product_tag-iqf-bg","13":"first","14":"instock","15":"shipping-taxable","16":"product-type-simple"},"aioseo_notices":[],"_links":{"self":[{"href":"https:\/\/reef-misr.com\/bg\/wp-json\/wp\/v2\/product\/6180"}],"collection":[{"href":"https:\/\/reef-misr.com\/bg\/wp-json\/wp\/v2\/product"}],"about":[{"href":"https:\/\/reef-misr.com\/bg\/wp-json\/wp\/v2\/types\/product"}],"wp:featuredmedia":[{"embeddable":true,"href":"https:\/\/reef-misr.com\/bg\/wp-json\/wp\/v2\/media\/5747"}],"wp:attachment":[{"href":"https:\/\/reef-misr.com\/bg\/wp-json\/wp\/v2\/media?parent=6180"}],"wp:term":[{"taxonomy":"product_cat","embeddable":true,"href":"https:\/\/reef-misr.com\/bg\/wp-json\/wp\/v2\/product_cat?post=6180"},{"taxonomy":"product_tag","embeddable":true,"href":"https:\/\/reef-misr.com\/bg\/wp-json\/wp\/v2\/product_tag?post=6180"}],"curies":[{"name":"wp","href":"https:\/\/api.w.org\/{rel}","templated":true}]}}