{"id":6178,"date":"2024-12-29T14:11:16","date_gmt":"2024-12-29T14:11:16","guid":{"rendered":"https:\/\/reef-misr.com\/product\/french-fries\/"},"modified":"2025-01-26T09:55:35","modified_gmt":"2025-01-26T09:55:35","slug":"french-fries","status":"publish","type":"product","link":"https:\/\/reef-misr.com\/bg\/produkt\/french-fries\/","title":{"rendered":"Batatas fritas."},"content":{"rendered":"","protected":false},"excerpt":{"rendered":"<p>&nbsp;<\/p>\n<h3 style=\"text-align: center;\"><span style=\"color: #1010a1;\"><strong>Product Description:<\/strong><\/span><\/h3>\n<h4 style=\"text-align: center;\"><span style=\"color: #1f991f;\"><strong>\u00a0As batatas fritas s\u00e3o um lanche cl\u00e1ssico e conveniente ou acompanhamento, apreciadas pela sua textura crocante e sabor dourado. Feitas a partir de batatas de alta qualidade, s\u00e3o r\u00e1pidas de preparar e perfeitas para acompanhar uma variedade de refei\u00e7\u00f5es. Dispon\u00edveis em diferentes cortes e tamanhos, s\u00e3o ideais para fritar ou assar, atendendo tanto a refei\u00e7\u00f5es casuais quanto a experi\u00eancias gourmet.<\/strong><\/span><\/h4>\n<h3 style=\"text-align: center;\"><span style=\"color: #1010a1;\"><strong>\u00a0Pa\u00edses para os quais exportamos:<\/strong><\/span><\/h3>\n<h4 style=\"text-align: center;\"><span style=\"color: #1f991f;\"><strong>\u00a0Para todo o mundo.<\/strong><\/span><\/h4>\n<h3 style=\"text-align: center;\"><span style=\"color: #1010a1;\"><strong>\u00a0Temporada da fruta:<\/strong><\/span><\/h3>\n<h4 style=\"text-align: center;\"><span style=\"color: #1f991f;\"><strong>\u00a0De mar\u00e7o a maio.<\/strong><\/span><\/h4>\n","protected":false},"featured_media":5755,"template":"","meta":[],"product_cat":[298],"product_tag":[264,265,266,268,321],"class_list":{"0":"post-6178","1":"product","2":"type-product","3":"status-publish","4":"has-post-thumbnail","6":"product_cat-298","7":"product_tag-export-bg","8":"product_tag-exporter-bg","9":"product_tag-frozen-bg","10":"product_tag-iqf-bg","11":"product_tag-321","13":"first","14":"instock","15":"shipping-taxable","16":"product-type-simple"},"aioseo_notices":[],"_links":{"self":[{"href":"https:\/\/reef-misr.com\/bg\/wp-json\/wp\/v2\/product\/6178"}],"collection":[{"href":"https:\/\/reef-misr.com\/bg\/wp-json\/wp\/v2\/product"}],"about":[{"href":"https:\/\/reef-misr.com\/bg\/wp-json\/wp\/v2\/types\/product"}],"wp:featuredmedia":[{"embeddable":true,"href":"https:\/\/reef-misr.com\/bg\/wp-json\/wp\/v2\/media\/5755"}],"wp:attachment":[{"href":"https:\/\/reef-misr.com\/bg\/wp-json\/wp\/v2\/media?parent=6178"}],"wp:term":[{"taxonomy":"product_cat","embeddable":true,"href":"https:\/\/reef-misr.com\/bg\/wp-json\/wp\/v2\/product_cat?post=6178"},{"taxonomy":"product_tag","embeddable":true,"href":"https:\/\/reef-misr.com\/bg\/wp-json\/wp\/v2\/product_tag?post=6178"}],"curies":[{"name":"wp","href":"https:\/\/api.w.org\/{rel}","templated":true}]}}