{"id":6176,"date":"2024-12-29T14:12:15","date_gmt":"2024-12-29T14:12:15","guid":{"rendered":"https:\/\/reef-misr.com\/product\/iqf-sweet-potatoes\/"},"modified":"2025-01-26T10:01:24","modified_gmt":"2025-01-26T10:01:24","slug":"iqf-sweet-potatoes","status":"publish","type":"product","link":"https:\/\/reef-misr.com\/bg\/produkt\/iqf-sweet-potatoes\/","title":{"rendered":"Batatas-doces IQF"},"content":{"rendered":"","protected":false},"excerpt":{"rendered":"<p>&nbsp;<\/p>\n<h3 style=\"text-align: center;\"><span style=\"color: #1010a1;\"><strong>\u00a0Descri\u00e7\u00e3o do produto:<\/strong><\/span><\/h3>\n<h4 style=\"text-align: center;\"><span style=\"color: #1f991f;\"><strong>\u00a0As batatas-doces IQF s\u00e3o uma escolha deliciosa e rica em nutrientes, mantendo sua do\u00e7ura natural e textura suave. S\u00e3o ricas em vitamina A, vitamina C, fibra alimentar, pot\u00e1ssio e antioxidantes, promovendo a sa\u00fade geral e a energia. Perfeitas para assar, assar no forno, sopas ou como um acompanhamento saud\u00e1vel.<\/strong><\/span><\/h4>\n<h3 style=\"text-align: center;\"><span style=\"color: #1010a1;\"><strong>\u00a0Pa\u00edses para os quais exportamos:<\/strong><\/span><\/h3>\n<h4 style=\"text-align: center;\"><span style=\"color: #1f991f;\"><strong>\u00a0Para todo o mundo.<\/strong><\/span><\/h4>\n<h3 style=\"text-align: center;\"><span style=\"color: #1010a1;\"><strong>\u00a0Temporada da fruta:<\/strong><\/span><\/h3>\n<h4 style=\"text-align: center;\"><span style=\"color: #1f991f;\"><strong>\u00a0De julho a outubro.<\/strong><\/span><\/h4>\n","protected":false},"featured_media":5753,"template":"","meta":[],"product_cat":[298],"product_tag":[264,265,266,268,458],"class_list":{"0":"post-6176","1":"product","2":"type-product","3":"status-publish","4":"has-post-thumbnail","6":"product_cat-298","7":"product_tag-export-bg","8":"product_tag-exporter-bg","9":"product_tag-frozen-bg","10":"product_tag-iqf-bg","11":"product_tag-sweet-potatoes-bg","13":"first","14":"instock","15":"shipping-taxable","16":"product-type-simple"},"aioseo_notices":[],"_links":{"self":[{"href":"https:\/\/reef-misr.com\/bg\/wp-json\/wp\/v2\/product\/6176"}],"collection":[{"href":"https:\/\/reef-misr.com\/bg\/wp-json\/wp\/v2\/product"}],"about":[{"href":"https:\/\/reef-misr.com\/bg\/wp-json\/wp\/v2\/types\/product"}],"wp:featuredmedia":[{"embeddable":true,"href":"https:\/\/reef-misr.com\/bg\/wp-json\/wp\/v2\/media\/5753"}],"wp:attachment":[{"href":"https:\/\/reef-misr.com\/bg\/wp-json\/wp\/v2\/media?parent=6176"}],"wp:term":[{"taxonomy":"product_cat","embeddable":true,"href":"https:\/\/reef-misr.com\/bg\/wp-json\/wp\/v2\/product_cat?post=6176"},{"taxonomy":"product_tag","embeddable":true,"href":"https:\/\/reef-misr.com\/bg\/wp-json\/wp\/v2\/product_tag?post=6176"}],"curies":[{"name":"wp","href":"https:\/\/api.w.org\/{rel}","templated":true}]}}