{"id":6174,"date":"2024-12-29T14:13:12","date_gmt":"2024-12-29T14:13:12","guid":{"rendered":"https:\/\/reef-misr.com\/product\/iqf-artichokes\/"},"modified":"2025-01-26T10:13:29","modified_gmt":"2025-01-26T10:13:29","slug":"iqf-artichokes","status":"publish","type":"product","link":"https:\/\/reef-misr.com\/bg\/produkt\/iqf-artichokes\/","title":{"rendered":"Alcachofras IQF"},"content":{"rendered":"","protected":false},"excerpt":{"rendered":"<p>&nbsp;<\/p>\n<h3 style=\"text-align: center;\"><span style=\"color: #1010a1;\"><strong>Product Description:<\/strong><\/span><\/h3>\n<h4 style=\"text-align: center;\"><span style=\"color: #1f991f;\"><strong>\u00a0As alcachofras IQF s\u00e3o uma op\u00e7\u00e3o nutritiva e vers\u00e1til, preservando seu sabor natural e textura macia. S\u00e3o ricas em fibra alimentar, vitamina C, vitamina K, folato e antioxidantes, promovendo a sa\u00fade digestiva e o bem-estar geral. Ideais para sopas, saladas, pratos de massa e receitas inspiradas na culin\u00e1ria mediterr\u00e2nea.<\/strong><\/span><\/h4>\n<h3 style=\"text-align: center;\"><span style=\"color: #1010a1;\"><strong>\u00a0Pa\u00edses para os quais exportamos:<\/strong><\/span><\/h3>\n<h4 style=\"text-align: center;\"><span style=\"color: #1f991f;\"><strong>\u00a0Para todo o mundo.<\/strong><\/span><\/h4>\n<h3 style=\"text-align: center;\"><span style=\"color: #1010a1;\"><strong>\u00a0Temporada da fruta:<\/strong><\/span><\/h3>\n<h4 style=\"text-align: center;\"><span style=\"color: #1f991f;\"><strong>\u00a0De janeiro a junho.<\/strong><\/span><\/h4>\n","protected":false},"featured_media":5743,"template":"","meta":[],"product_cat":[298],"product_tag":[264,265,266,268,313],"class_list":{"0":"post-6174","1":"product","2":"type-product","3":"status-publish","4":"has-post-thumbnail","6":"product_cat-298","7":"product_tag-export-bg","8":"product_tag-exporter-bg","9":"product_tag-frozen-bg","10":"product_tag-iqf-bg","11":"product_tag-313","13":"first","14":"instock","15":"shipping-taxable","16":"product-type-simple"},"aioseo_notices":[],"_links":{"self":[{"href":"https:\/\/reef-misr.com\/bg\/wp-json\/wp\/v2\/product\/6174"}],"collection":[{"href":"https:\/\/reef-misr.com\/bg\/wp-json\/wp\/v2\/product"}],"about":[{"href":"https:\/\/reef-misr.com\/bg\/wp-json\/wp\/v2\/types\/product"}],"wp:featuredmedia":[{"embeddable":true,"href":"https:\/\/reef-misr.com\/bg\/wp-json\/wp\/v2\/media\/5743"}],"wp:attachment":[{"href":"https:\/\/reef-misr.com\/bg\/wp-json\/wp\/v2\/media?parent=6174"}],"wp:term":[{"taxonomy":"product_cat","embeddable":true,"href":"https:\/\/reef-misr.com\/bg\/wp-json\/wp\/v2\/product_cat?post=6174"},{"taxonomy":"product_tag","embeddable":true,"href":"https:\/\/reef-misr.com\/bg\/wp-json\/wp\/v2\/product_tag?post=6174"}],"curies":[{"name":"wp","href":"https:\/\/api.w.org\/{rel}","templated":true}]}}