{"id":6172,"date":"2024-12-29T14:14:38","date_gmt":"2024-12-29T14:14:38","guid":{"rendered":"https:\/\/reef-misr.com\/product\/iqf-fig\/"},"modified":"2025-01-26T10:55:21","modified_gmt":"2025-01-26T10:55:21","slug":"iqf-fig","status":"publish","type":"product","link":"https:\/\/reef-misr.com\/bg\/produkt\/iqf-fig\/","title":{"rendered":"Figo IQF"},"content":{"rendered":"","protected":false},"excerpt":{"rendered":"<p>&nbsp;<\/p>\n<h3 style=\"text-align: center;\"><span style=\"color: #1010a1;\"><strong>\u00a0Descri\u00e7\u00e3o do produto:<\/strong><\/span><\/h3>\n<h4 style=\"text-align: center;\"><span style=\"color: #1f991f;\"><strong>\u00a0Os figos IQF s\u00e3o uma op\u00e7\u00e3o saborosa e saud\u00e1vel, mantendo a do\u00e7ura natural e a textura dos figos frescos. S\u00e3o ricos em fibra alimentar, antioxidantes, c\u00e1lcio, pot\u00e1ssio e magn\u00e9sio, tornando-os uma excelente escolha para promover a sa\u00fade geral e adicionar um sabor \u00fanico a sobremesas, produtos de panifica\u00e7\u00e3o e pratos salgados.<\/strong><\/span><\/h4>\n<h3 style=\"text-align: center;\"><span style=\"color: #1010a1;\"><strong>\u00a0Pa\u00edses para os quais exportamos:<\/strong><\/span><\/h3>\n<h4 style=\"text-align: center;\"><span style=\"color: #1f991f;\"><strong>\u00a0Para todo o mundo.<\/strong><\/span><\/h4>\n<h3 style=\"text-align: center;\"><span style=\"color: #1010a1;\"><strong>\u00a0Temporada da fruta:<\/strong><\/span><\/h3>\n<h4 style=\"text-align: center;\"><span style=\"color: #1f991f;\"><strong>\u00a0De julho a outubro.<\/strong><\/span><\/h4>\n","protected":false},"featured_media":5721,"template":"","meta":[],"product_cat":[263],"product_tag":[266,268,320],"class_list":{"0":"post-6172","1":"product","2":"type-product","3":"status-publish","4":"has-post-thumbnail","6":"product_cat-263","7":"product_tag-frozen-bg","8":"product_tag-iqf-bg","9":"product_tag-320","11":"first","12":"instock","13":"shipping-taxable","14":"product-type-simple"},"aioseo_notices":[],"_links":{"self":[{"href":"https:\/\/reef-misr.com\/bg\/wp-json\/wp\/v2\/product\/6172"}],"collection":[{"href":"https:\/\/reef-misr.com\/bg\/wp-json\/wp\/v2\/product"}],"about":[{"href":"https:\/\/reef-misr.com\/bg\/wp-json\/wp\/v2\/types\/product"}],"wp:featuredmedia":[{"embeddable":true,"href":"https:\/\/reef-misr.com\/bg\/wp-json\/wp\/v2\/media\/5721"}],"wp:attachment":[{"href":"https:\/\/reef-misr.com\/bg\/wp-json\/wp\/v2\/media?parent=6172"}],"wp:term":[{"taxonomy":"product_cat","embeddable":true,"href":"https:\/\/reef-misr.com\/bg\/wp-json\/wp\/v2\/product_cat?post=6172"},{"taxonomy":"product_tag","embeddable":true,"href":"https:\/\/reef-misr.com\/bg\/wp-json\/wp\/v2\/product_tag?post=6172"}],"curies":[{"name":"wp","href":"https:\/\/api.w.org\/{rel}","templated":true}]}}