{"id":6170,"date":"2024-12-29T14:15:40","date_gmt":"2024-12-29T14:15:40","guid":{"rendered":"https:\/\/reef-misr.com\/product\/iqf-pomegranates\/"},"modified":"2025-01-26T11:09:20","modified_gmt":"2025-01-26T11:09:20","slug":"iqf-pomegranates","status":"publish","type":"product","link":"https:\/\/reef-misr.com\/bg\/produkt\/iqf-pomegranates\/","title":{"rendered":"Rom\u00e3s IQF"},"content":{"rendered":"","protected":false},"excerpt":{"rendered":"<p>&nbsp;<\/p>\n<h3 style=\"text-align: center;\"><span style=\"color: #1010a1;\"><strong>\u00a0Descri\u00e7\u00e3o do produto:<\/strong><\/span><\/h3>\n<h4 style=\"text-align: center;\"><span style=\"color: #1f991f;\"><strong>\u00a0As rom\u00e3s IQF s\u00e3o uma op\u00e7\u00e3o nutritiva e vers\u00e1til, oferecendo o rico sabor e os benef\u00edcios para a sa\u00fade das rom\u00e3s frescas. S\u00e3o repletas de antioxidantes, vitamina C, vitamina K, fibra alimentar e pot\u00e1ssio, que apoiam a sa\u00fade geral e adicionam um toque de frescor a diversos pratos.<\/strong><\/span><\/h4>\n<h3 style=\"text-align: center;\"><span style=\"color: #1010a1;\"><strong>\u00a0Pa\u00edses para os quais exportamos:<\/strong><\/span><\/h3>\n<h4 style=\"text-align: center;\"><span style=\"color: #1f991f;\"><strong>\u00a0Para todo o mundo.<\/strong><\/span><\/h4>\n<h3 style=\"text-align: center;\"><span style=\"color: #1010a1;\"><strong>\u00a0Temporada da fruta:<\/strong><\/span><\/h3>\n<h4 style=\"text-align: center;\"><span style=\"color: #1f991f;\"><strong>\u00a0De setembro a novembro.<\/strong><\/span><\/h4>\n","protected":false},"featured_media":5715,"template":"","meta":[],"product_cat":[263],"product_tag":[266,268,456],"class_list":{"0":"post-6170","1":"product","2":"type-product","3":"status-publish","4":"has-post-thumbnail","6":"product_cat-263","7":"product_tag-frozen-bg","8":"product_tag-iqf-bg","9":"product_tag-pomegranates-bg","11":"first","12":"instock","13":"shipping-taxable","14":"product-type-simple"},"aioseo_notices":[],"_links":{"self":[{"href":"https:\/\/reef-misr.com\/bg\/wp-json\/wp\/v2\/product\/6170"}],"collection":[{"href":"https:\/\/reef-misr.com\/bg\/wp-json\/wp\/v2\/product"}],"about":[{"href":"https:\/\/reef-misr.com\/bg\/wp-json\/wp\/v2\/types\/product"}],"wp:featuredmedia":[{"embeddable":true,"href":"https:\/\/reef-misr.com\/bg\/wp-json\/wp\/v2\/media\/5715"}],"wp:attachment":[{"href":"https:\/\/reef-misr.com\/bg\/wp-json\/wp\/v2\/media?parent=6170"}],"wp:term":[{"taxonomy":"product_cat","embeddable":true,"href":"https:\/\/reef-misr.com\/bg\/wp-json\/wp\/v2\/product_cat?post=6170"},{"taxonomy":"product_tag","embeddable":true,"href":"https:\/\/reef-misr.com\/bg\/wp-json\/wp\/v2\/product_tag?post=6170"}],"curies":[{"name":"wp","href":"https:\/\/api.w.org\/{rel}","templated":true}]}}