{"id":6168,"date":"2024-12-29T14:16:47","date_gmt":"2024-12-29T14:16:47","guid":{"rendered":"https:\/\/reef-misr.com\/product\/iqf-okra\/"},"modified":"2025-01-26T10:48:31","modified_gmt":"2025-01-26T10:48:31","slug":"iqf-okra","status":"publish","type":"product","link":"https:\/\/reef-misr.com\/bg\/produkt\/iqf-okra\/","title":{"rendered":"Quiabo IQF"},"content":{"rendered":"","protected":false},"excerpt":{"rendered":"<p>&nbsp;<\/p>\n<h3 style=\"text-align: center;\"><span style=\"color: #1010a1;\"><strong>\u00a0Descri\u00e7\u00e3o do produto:<\/strong><\/span><\/h3>\n<h4 style=\"text-align: center;\"><span style=\"color: #1f991f;\"><strong>\u00a0O quiabo IQF \u00e9 uma op\u00e7\u00e3o nutritiva e vers\u00e1til, mantendo seu sabor fresco e cor verde brilhante. Rico em vitaminas A e C, folato e antioxidantes, ele apoia a sa\u00fade imunol\u00f3gica e promove o bem-estar digestivo. Perfeito para adicionar a gumbo, ensopados, refogados ou como acompanhamento em diversas receitas.<\/strong><\/span><\/h4>\n<h3 style=\"text-align: center;\"><span style=\"color: #1010a1;\"><strong>\u00a0Pa\u00edses para os quais exportamos:<\/strong><\/span><\/h3>\n<h4 style=\"text-align: center;\"><span style=\"color: #1f991f;\"><strong>\u00a0Para todo o mundo.<\/strong><\/span><\/h4>\n<h3 style=\"text-align: center;\"><span style=\"color: #1010a1;\"><strong>\u00a0Temporada da fruta:<\/strong><\/span><\/h3>\n<h4 style=\"text-align: center;\"><span style=\"color: #1f991f;\"><strong>\u00a0De junho a outubro<\/strong><\/span><\/h4>\n","protected":false},"featured_media":6093,"template":"","meta":[],"product_cat":[298],"product_tag":[264,265,266,441,268,454],"class_list":{"0":"post-6168","1":"product","2":"type-product","3":"status-publish","4":"has-post-thumbnail","6":"product_cat-298","7":"product_tag-export-bg","8":"product_tag-exporter-bg","9":"product_tag-frozen-bg","10":"product_tag-frozen-vegetables-bg","11":"product_tag-iqf-bg","12":"product_tag-okra-bg","14":"first","15":"instock","16":"featured","17":"shipping-taxable","18":"product-type-simple"},"aioseo_notices":[],"_links":{"self":[{"href":"https:\/\/reef-misr.com\/bg\/wp-json\/wp\/v2\/product\/6168"}],"collection":[{"href":"https:\/\/reef-misr.com\/bg\/wp-json\/wp\/v2\/product"}],"about":[{"href":"https:\/\/reef-misr.com\/bg\/wp-json\/wp\/v2\/types\/product"}],"wp:featuredmedia":[{"embeddable":true,"href":"https:\/\/reef-misr.com\/bg\/wp-json\/wp\/v2\/media\/6093"}],"wp:attachment":[{"href":"https:\/\/reef-misr.com\/bg\/wp-json\/wp\/v2\/media?parent=6168"}],"wp:term":[{"taxonomy":"product_cat","embeddable":true,"href":"https:\/\/reef-misr.com\/bg\/wp-json\/wp\/v2\/product_cat?post=6168"},{"taxonomy":"product_tag","embeddable":true,"href":"https:\/\/reef-misr.com\/bg\/wp-json\/wp\/v2\/product_tag?post=6168"}],"curies":[{"name":"wp","href":"https:\/\/api.w.org\/{rel}","templated":true}]}}