{"id":6166,"date":"2024-12-29T14:17:16","date_gmt":"2024-12-29T14:17:16","guid":{"rendered":"https:\/\/reef-misr.com\/product\/iqf-molokhia\/"},"modified":"2025-01-26T11:04:34","modified_gmt":"2025-01-26T11:04:34","slug":"iqf-molokhia","status":"publish","type":"product","link":"https:\/\/reef-misr.com\/bg\/produkt\/iqf-molokhia\/","title":{"rendered":"Molokhia IQF"},"content":{"rendered":"","protected":false},"excerpt":{"rendered":"<p>&nbsp;<\/p>\n<h3 style=\"text-align: center;\"><span style=\"color: #1010a1;\"><strong>\u00a0Descri\u00e7\u00e3o do produto:<\/strong><\/span><\/h3>\n<h4 style=\"text-align: center;\"><span style=\"color: #1f991f;\"><strong>\u00a0A Molokhia IQF \u00e9 um alimento b\u00e1sico da culin\u00e1ria do Oriente M\u00e9dio e Norte da \u00c1frica, oferecendo a conveni\u00eancia das folhas prontas para cozinhar, enquanto preserva seu sabor aut\u00eantico e benef\u00edcios nutricionais. A Reef Misr garante a mais alta qualidade de molokhia, congelando-a no pico de frescor para manter sua cor vibrante e sabor caracter\u00edstico.<\/strong><\/span><\/h4>\n<h3 style=\"text-align: center;\"><span style=\"color: #1010a1;\"><strong>\u00a0Pa\u00edses para os quais exportamos:<\/strong><\/span><\/h3>\n<h4 style=\"text-align: center;\"><span style=\"color: #1f991f;\"><strong>\u00a0Para todo o mundo.<\/strong><\/span><\/h4>\n<h3 style=\"text-align: center;\"><span style=\"color: #1010a1;\"><strong>\u00a0Temporada da fruta:<\/strong><\/span><\/h3>\n<h4 style=\"text-align: center;\"><span style=\"color: #1f991f;\"><strong>\u00a0De junho a agosto.<\/strong><\/span><\/h4>\n","protected":false},"featured_media":6073,"template":"","meta":[],"product_cat":[298],"product_tag":[264,265,266,441,268,452],"class_list":{"0":"post-6166","1":"product","2":"type-product","3":"status-publish","4":"has-post-thumbnail","6":"product_cat-298","7":"product_tag-export-bg","8":"product_tag-exporter-bg","9":"product_tag-frozen-bg","10":"product_tag-frozen-vegetables-bg","11":"product_tag-iqf-bg","12":"product_tag-molokhia-bg","14":"first","15":"instock","16":"featured","17":"shipping-taxable","18":"product-type-simple"},"aioseo_notices":[],"_links":{"self":[{"href":"https:\/\/reef-misr.com\/bg\/wp-json\/wp\/v2\/product\/6166"}],"collection":[{"href":"https:\/\/reef-misr.com\/bg\/wp-json\/wp\/v2\/product"}],"about":[{"href":"https:\/\/reef-misr.com\/bg\/wp-json\/wp\/v2\/types\/product"}],"wp:featuredmedia":[{"embeddable":true,"href":"https:\/\/reef-misr.com\/bg\/wp-json\/wp\/v2\/media\/6073"}],"wp:attachment":[{"href":"https:\/\/reef-misr.com\/bg\/wp-json\/wp\/v2\/media?parent=6166"}],"wp:term":[{"taxonomy":"product_cat","embeddable":true,"href":"https:\/\/reef-misr.com\/bg\/wp-json\/wp\/v2\/product_cat?post=6166"},{"taxonomy":"product_tag","embeddable":true,"href":"https:\/\/reef-misr.com\/bg\/wp-json\/wp\/v2\/product_tag?post=6166"}],"curies":[{"name":"wp","href":"https:\/\/api.w.org\/{rel}","templated":true}]}}