{"id":6164,"date":"2024-12-29T14:18:06","date_gmt":"2024-12-29T14:18:06","guid":{"rendered":"https:\/\/reef-misr.com\/product\/iqf-guava\/"},"modified":"2025-01-26T10:36:17","modified_gmt":"2025-01-26T10:36:17","slug":"iqf-guava","status":"publish","type":"product","link":"https:\/\/reef-misr.com\/bg\/produkt\/iqf-guava\/","title":{"rendered":"Goiaba IQF"},"content":{"rendered":"","protected":false},"excerpt":{"rendered":"<p>&nbsp;<\/p>\n<h3 style=\"text-align: center;\"><span style=\"color: #1010a1;\"><strong>\u00a0Descri\u00e7\u00e3o do produto:<\/strong><\/span><\/h3>\n<h4 style=\"text-align: center;\"><span style=\"color: #1f991f;\"><strong>\u00a0A goiaba IQF oferece uma maneira conveniente de aproveitar a do\u00e7ura tropical e o sabor \u00fanico da goiaba durante o ano todo. Na Reef Misr, congelamos nossas goiabas no ponto m\u00e1ximo de matura\u00e7\u00e3o para garantir que seu aroma natural, sabor e benef\u00edcios para a sa\u00fade sejam perfeitamente preservados.<\/strong><\/span><\/h4>\n<h3 style=\"text-align: center;\"><span style=\"color: #1010a1;\"><strong>\u00a0Pa\u00edses para os quais exportamos:<\/strong><\/span><\/h3>\n<h4 style=\"text-align: center;\"><span style=\"color: #1f991f;\"><strong>\u00a0Para todo o mundo.<\/strong><\/span><\/h4>\n<h3 style=\"text-align: center;\"><span style=\"color: #1010a1;\"><strong>\u00a0Temporada da fruta:<\/strong><\/span><\/h3>\n<h4 style=\"text-align: center;\"><span style=\"color: #1f991f;\"><strong>\u00a0De setembro a mar\u00e7o.<\/strong><\/span><\/h4>\n","protected":false},"featured_media":6069,"template":"","meta":[],"product_cat":[263],"product_tag":[264,265,266,267,450,268],"class_list":{"0":"post-6164","1":"product","2":"type-product","3":"status-publish","4":"has-post-thumbnail","6":"product_cat-263","7":"product_tag-export-bg","8":"product_tag-exporter-bg","9":"product_tag-frozen-bg","10":"product_tag-frozen-fruits-bg","11":"product_tag-guava-bg","12":"product_tag-iqf-bg","14":"first","15":"instock","16":"featured","17":"shipping-taxable","18":"product-type-simple"},"aioseo_notices":[],"_links":{"self":[{"href":"https:\/\/reef-misr.com\/bg\/wp-json\/wp\/v2\/product\/6164"}],"collection":[{"href":"https:\/\/reef-misr.com\/bg\/wp-json\/wp\/v2\/product"}],"about":[{"href":"https:\/\/reef-misr.com\/bg\/wp-json\/wp\/v2\/types\/product"}],"wp:featuredmedia":[{"embeddable":true,"href":"https:\/\/reef-misr.com\/bg\/wp-json\/wp\/v2\/media\/6069"}],"wp:attachment":[{"href":"https:\/\/reef-misr.com\/bg\/wp-json\/wp\/v2\/media?parent=6164"}],"wp:term":[{"taxonomy":"product_cat","embeddable":true,"href":"https:\/\/reef-misr.com\/bg\/wp-json\/wp\/v2\/product_cat?post=6164"},{"taxonomy":"product_tag","embeddable":true,"href":"https:\/\/reef-misr.com\/bg\/wp-json\/wp\/v2\/product_tag?post=6164"}],"curies":[{"name":"wp","href":"https:\/\/api.w.org\/{rel}","templated":true}]}}