{"id":6162,"date":"2024-12-29T14:19:55","date_gmt":"2024-12-29T14:19:55","guid":{"rendered":"https:\/\/reef-misr.com\/product\/iqf-onion\/"},"modified":"2025-01-26T10:09:00","modified_gmt":"2025-01-26T10:09:00","slug":"iqf-onion","status":"publish","type":"product","link":"https:\/\/reef-misr.com\/bg\/produkt\/iqf-onion\/","title":{"rendered":"Cebola IQF"},"content":{"rendered":"","protected":false},"excerpt":{"rendered":"<p>&nbsp;<\/p>\n<h3 style=\"text-align: center;\"><span style=\"color: #1010a1;\"><strong>\u00a0Descri\u00e7\u00e3o do produto:<\/strong><\/span><\/h3>\n<h4 style=\"text-align: center;\"><span style=\"color: #1f991f;\"><strong>\u00a0A cebola IQF da Reef Misr oferece um ingrediente conveniente e vers\u00e1til para suas necessidades culin\u00e1rias, garantindo que voc\u00ea economize tempo sem comprometer o sabor ou a qualidade. Cuidadosamente selecionadas e congeladas no pico de frescor, nossas cebolas IQF mant\u00eam seu sabor e textura naturais.<\/strong><\/span><\/h4>\n<h3 style=\"text-align: center;\"><span style=\"color: #1010a1;\"><strong>\u00a0Pa\u00edses para os quais exportamos:<\/strong><\/span><\/h3>\n<h4 style=\"text-align: center;\"><span style=\"color: #1f991f;\"><strong>\u00a0Para todo o mundo.<\/strong><\/span><\/h4>\n<h3 style=\"text-align: center;\"><span style=\"color: #1010a1;\"><strong>\u00a0Temporada da fruta:<\/strong><\/span><\/h3>\n<h4 style=\"text-align: center;\"><span style=\"color: #1f991f;\"><strong>\u00a0De novembro a fevereiro e de abril a julho.<\/strong><\/span><\/h4>\n","protected":false},"featured_media":6083,"template":"","meta":[],"product_cat":[298],"product_tag":[264,265,266,441,268,448],"class_list":{"0":"post-6162","1":"product","2":"type-product","3":"status-publish","4":"has-post-thumbnail","6":"product_cat-298","7":"product_tag-export-bg","8":"product_tag-exporter-bg","9":"product_tag-frozen-bg","10":"product_tag-frozen-vegetables-bg","11":"product_tag-iqf-bg","12":"product_tag-onion-bg","14":"first","15":"instock","16":"featured","17":"shipping-taxable","18":"product-type-simple"},"aioseo_notices":[],"_links":{"self":[{"href":"https:\/\/reef-misr.com\/bg\/wp-json\/wp\/v2\/product\/6162"}],"collection":[{"href":"https:\/\/reef-misr.com\/bg\/wp-json\/wp\/v2\/product"}],"about":[{"href":"https:\/\/reef-misr.com\/bg\/wp-json\/wp\/v2\/types\/product"}],"wp:featuredmedia":[{"embeddable":true,"href":"https:\/\/reef-misr.com\/bg\/wp-json\/wp\/v2\/media\/6083"}],"wp:attachment":[{"href":"https:\/\/reef-misr.com\/bg\/wp-json\/wp\/v2\/media?parent=6162"}],"wp:term":[{"taxonomy":"product_cat","embeddable":true,"href":"https:\/\/reef-misr.com\/bg\/wp-json\/wp\/v2\/product_cat?post=6162"},{"taxonomy":"product_tag","embeddable":true,"href":"https:\/\/reef-misr.com\/bg\/wp-json\/wp\/v2\/product_tag?post=6162"}],"curies":[{"name":"wp","href":"https:\/\/api.w.org\/{rel}","templated":true}]}}