{"id":6160,"date":"2024-12-29T14:20:10","date_gmt":"2024-12-29T14:20:10","guid":{"rendered":"https:\/\/reef-misr.com\/product\/iqf-cauliflower\/"},"modified":"2025-01-26T10:24:25","modified_gmt":"2025-01-26T10:24:25","slug":"iqf-cauliflower","status":"publish","type":"product","link":"https:\/\/reef-misr.com\/bg\/produkt\/iqf-cauliflower\/","title":{"rendered":"Couve-flor IQF"},"content":{"rendered":"","protected":false},"excerpt":{"rendered":"<p>&nbsp;<\/p>\n<h3 style=\"text-align: center;\"><span style=\"color: #1010a1;\"><strong>\u00a0Descri\u00e7\u00e3o do produto:<\/strong><\/span><\/h3>\n<h4 style=\"text-align: center;\"><span style=\"color: #1f991f;\"><strong>\u00a0 A couve-flor IQF (Couve-flor Congelada Individualmente R\u00e1pida) \u00e9 uma escolha saud\u00e1vel e vers\u00e1til, preservando o sabor fresco e a textura natural da couve-flor. \u00c9 rica em vitamina C, vitamina K, fibra, folato e antioxidantes, tornando-se uma excelente adi\u00e7\u00e3o a uma dieta equilibrada. Ideal para sopas, refogados, pur\u00eas e receitas com baixo carboidrato.<\/strong><\/span><\/h4>\n<h3 style=\"text-align: center;\"><span style=\"color: #1010a1;\"><strong>\u00a0Pa\u00edses para os quais exportamos:<\/strong><\/span><\/h3>\n<h4 style=\"text-align: center;\"><span style=\"color: #1f991f;\"><strong>\u00a0Para todo o mundo.<\/strong><\/span><\/h4>\n<h3 style=\"text-align: center;\"><span style=\"color: #1010a1;\"><strong>\u00a0Temporada da fruta:<\/strong><\/span><\/h3>\n<h4 style=\"text-align: center;\"><span style=\"color: #1f991f;\"><strong>\u00a0De novembro a janeiro.<\/strong><\/span><\/h4>\n","protected":false},"featured_media":5737,"template":"","meta":[],"product_cat":[298],"product_tag":[264,265,266,268,316],"class_list":{"0":"post-6160","1":"product","2":"type-product","3":"status-publish","4":"has-post-thumbnail","6":"product_cat-298","7":"product_tag-export-bg","8":"product_tag-exporter-bg","9":"product_tag-frozen-bg","10":"product_tag-iqf-bg","11":"product_tag-316","13":"first","14":"instock","15":"featured","16":"shipping-taxable","17":"product-type-simple"},"aioseo_notices":[],"_links":{"self":[{"href":"https:\/\/reef-misr.com\/bg\/wp-json\/wp\/v2\/product\/6160"}],"collection":[{"href":"https:\/\/reef-misr.com\/bg\/wp-json\/wp\/v2\/product"}],"about":[{"href":"https:\/\/reef-misr.com\/bg\/wp-json\/wp\/v2\/types\/product"}],"wp:featuredmedia":[{"embeddable":true,"href":"https:\/\/reef-misr.com\/bg\/wp-json\/wp\/v2\/media\/5737"}],"wp:attachment":[{"href":"https:\/\/reef-misr.com\/bg\/wp-json\/wp\/v2\/media?parent=6160"}],"wp:term":[{"taxonomy":"product_cat","embeddable":true,"href":"https:\/\/reef-misr.com\/bg\/wp-json\/wp\/v2\/product_cat?post=6160"},{"taxonomy":"product_tag","embeddable":true,"href":"https:\/\/reef-misr.com\/bg\/wp-json\/wp\/v2\/product_tag?post=6160"}],"curies":[{"name":"wp","href":"https:\/\/api.w.org\/{rel}","templated":true}]}}