{"id":6158,"date":"2024-12-29T14:21:55","date_gmt":"2024-12-29T14:21:55","guid":{"rendered":"https:\/\/reef-misr.com\/product\/iqf-broccoli\/"},"modified":"2025-01-26T10:18:29","modified_gmt":"2025-01-26T10:18:29","slug":"iqf-broccoli","status":"publish","type":"product","link":"https:\/\/reef-misr.com\/bg\/produkt\/iqf-broccoli\/","title":{"rendered":"Br\u00f3colis IQF"},"content":{"rendered":"","protected":false},"excerpt":{"rendered":"<p>&nbsp;<\/p>\n<h3 style=\"text-align: center;\"><span style=\"color: #1010a1;\"><strong>\u00a0Descri\u00e7\u00e3o do produto:<\/strong><\/span><\/h3>\n<h4 style=\"text-align: center;\"><span style=\"color: #1f991f;\"><strong>\u00a0O br\u00f3colis IQF \u00e9 uma op\u00e7\u00e3o nutritiva e conveniente, preservando o sabor fresco e a cor vibrante do br\u00f3colis. \u00c9 rico em vitamina C, vitamina K, fibra, folato e antioxidantes, tornando-se uma excelente escolha para apoiar a sa\u00fade imunol\u00f3gica e o bem-estar geral. Perfeito para refogados, sopas, saladas e muito mais.<\/strong><\/span><\/h4>\n<h3 style=\"text-align: center;\"><span style=\"color: #1010a1;\"><strong>\u00a0Pa\u00edses para os quais exportamos:<\/strong><\/span><\/h3>\n<h4 style=\"text-align: center;\"><span style=\"color: #1f991f;\"><strong>\u00a0Para todo o mundo.<\/strong><\/span><\/h4>\n<h3 style=\"text-align: center;\"><span style=\"color: #1010a1;\"><strong>\u00a0Temporada da fruta:<\/strong><\/span><\/h3>\n<h4 style=\"text-align: center;\"><span style=\"color: #1f991f;\"><strong>\u00a0De novembro a janeiro.<\/strong><\/span><\/h4>\n","protected":false},"featured_media":5731,"template":"","meta":[],"product_cat":[298],"product_tag":[264,265,266,268,314],"class_list":{"0":"post-6158","1":"product","2":"type-product","3":"status-publish","4":"has-post-thumbnail","6":"product_cat-298","7":"product_tag-export-bg","8":"product_tag-exporter-bg","9":"product_tag-frozen-bg","10":"product_tag-iqf-bg","11":"product_tag-314","13":"first","14":"instock","15":"featured","16":"shipping-taxable","17":"product-type-simple"},"aioseo_notices":[],"_links":{"self":[{"href":"https:\/\/reef-misr.com\/bg\/wp-json\/wp\/v2\/product\/6158"}],"collection":[{"href":"https:\/\/reef-misr.com\/bg\/wp-json\/wp\/v2\/product"}],"about":[{"href":"https:\/\/reef-misr.com\/bg\/wp-json\/wp\/v2\/types\/product"}],"wp:featuredmedia":[{"embeddable":true,"href":"https:\/\/reef-misr.com\/bg\/wp-json\/wp\/v2\/media\/5731"}],"wp:attachment":[{"href":"https:\/\/reef-misr.com\/bg\/wp-json\/wp\/v2\/media?parent=6158"}],"wp:term":[{"taxonomy":"product_cat","embeddable":true,"href":"https:\/\/reef-misr.com\/bg\/wp-json\/wp\/v2\/product_cat?post=6158"},{"taxonomy":"product_tag","embeddable":true,"href":"https:\/\/reef-misr.com\/bg\/wp-json\/wp\/v2\/product_tag?post=6158"}],"curies":[{"name":"wp","href":"https:\/\/api.w.org\/{rel}","templated":true}]}}