{"id":6156,"date":"2024-12-29T14:22:50","date_gmt":"2024-12-29T14:22:50","guid":{"rendered":"https:\/\/reef-misr.com\/product\/iqf-peas\/"},"modified":"2025-01-26T09:37:39","modified_gmt":"2025-01-26T09:37:39","slug":"iqf-peas","status":"publish","type":"product","link":"https:\/\/reef-misr.com\/bg\/produkt\/iqf-peas\/","title":{"rendered":"&#8220;Ervilhas IQF&#8221;"},"content":{"rendered":"","protected":false},"excerpt":{"rendered":"<p>&nbsp;<\/p>\n<h3 style=\"text-align: center;\"><span style=\"color: #1010a1;\"><strong>\u00a0Descri\u00e7\u00e3o do produto:<\/strong><\/span><\/h3>\n<h4 style=\"text-align: center;\"><span style=\"color: #1f991f;\"><strong>\u00a0As ervilhas verdes IQF s\u00e3o uma escolha nutritiva e conveniente, preservando seu sabor fresco e cor verde vibrante. Cheias de vitamina C, vitamina K, fibra e folato, elas s\u00e3o perfeitas para apoiar a sa\u00fade imunol\u00f3gica e o bem-estar geral. Ideais para adicionar a sopas, saladas, acompanhamentos e muitas outras receitas.<\/strong><\/span><\/h4>\n<h3 style=\"text-align: center;\"><span style=\"color: #1010a1;\"><strong>\u00a0Pa\u00edses para os quais exportamos:<\/strong><\/span><\/h3>\n<h4 style=\"text-align: center;\"><span style=\"color: #1f991f;\"><strong>\u00a0Para todo o mundo.<\/strong><\/span><\/h4>\n<h3 style=\"text-align: center;\"><span style=\"color: #1010a1;\"><strong>\u00a0Temporada da fruta:<\/strong><\/span><\/h3>\n<h4 style=\"text-align: center;\"><span style=\"color: #1f991f;\"><strong>\u00a0De dezembro a mar\u00e7o.<\/strong><\/span><\/h4>\n","protected":false},"featured_media":6057,"template":"","meta":[],"product_cat":[298],"product_tag":[264,265,266,441,268,446],"class_list":{"0":"post-6156","1":"product","2":"type-product","3":"status-publish","4":"has-post-thumbnail","6":"product_cat-298","7":"product_tag-export-bg","8":"product_tag-exporter-bg","9":"product_tag-frozen-bg","10":"product_tag-frozen-vegetables-bg","11":"product_tag-iqf-bg","12":"product_tag-peas-bg","14":"first","15":"instock","16":"featured","17":"shipping-taxable","18":"product-type-simple"},"aioseo_notices":[],"_links":{"self":[{"href":"https:\/\/reef-misr.com\/bg\/wp-json\/wp\/v2\/product\/6156"}],"collection":[{"href":"https:\/\/reef-misr.com\/bg\/wp-json\/wp\/v2\/product"}],"about":[{"href":"https:\/\/reef-misr.com\/bg\/wp-json\/wp\/v2\/types\/product"}],"wp:featuredmedia":[{"embeddable":true,"href":"https:\/\/reef-misr.com\/bg\/wp-json\/wp\/v2\/media\/6057"}],"wp:attachment":[{"href":"https:\/\/reef-misr.com\/bg\/wp-json\/wp\/v2\/media?parent=6156"}],"wp:term":[{"taxonomy":"product_cat","embeddable":true,"href":"https:\/\/reef-misr.com\/bg\/wp-json\/wp\/v2\/product_cat?post=6156"},{"taxonomy":"product_tag","embeddable":true,"href":"https:\/\/reef-misr.com\/bg\/wp-json\/wp\/v2\/product_tag?post=6156"}],"curies":[{"name":"wp","href":"https:\/\/api.w.org\/{rel}","templated":true}]}}