{"id":6152,"date":"2024-12-29T14:24:20","date_gmt":"2024-12-29T14:24:20","guid":{"rendered":"https:\/\/reef-misr.com\/product\/iqf-carrots\/"},"modified":"2025-01-26T09:24:15","modified_gmt":"2025-01-26T09:24:15","slug":"iqf-carrots","status":"publish","type":"product","link":"https:\/\/reef-misr.com\/bg\/produkt\/iqf-carrots\/","title":{"rendered":"Cenouras IQF"},"content":{"rendered":"","protected":false},"excerpt":{"rendered":"<p>&nbsp;<\/p>\n<h3 style=\"text-align: center;\"><span style=\"color: #1010a1;\"><strong>\u00a0Descri\u00e7\u00e3o do Produto:<\/strong><\/span><\/h3>\n<h4 style=\"text-align: center;\"><span style=\"color: #1f991f;\"><strong>\u00a0As Cenouras IQF s\u00e3o uma solu\u00e7\u00e3o conveniente e vers\u00e1til para aproveitar a frescura e os nutrientes das cenouras durante todo o ano. Na Reef Misr, utilizamos tecnologia avan\u00e7ada de congelamento para preservar o sabor natural, a cor e os benef\u00edcios para a sa\u00fade das cenouras no seu ponto m\u00e1ximo.<\/strong><\/span><\/h4>\n<h3 style=\"text-align: center;\"><span style=\"color: #1010a1;\"><strong>\u00a0Pa\u00edses para os quais Exportamos:<\/strong><\/span><\/h3>\n<h4 style=\"text-align: center;\"><span style=\"color: #1f991f;\"><strong>\u00a0Para Todo o Mundo<\/strong><\/span><\/h4>\n<h3 style=\"text-align: center;\"><span style=\"color: #1010a1;\"><strong>\u00a0Temporada da Fruta:<\/strong><\/span><\/h3>\n<h4 style=\"text-align: center;\"><span style=\"color: #1f991f;\"><strong>\u00a0De Dezembro at\u00e9 Janeiro<\/strong><\/span><\/h4>\n","protected":false},"featured_media":6065,"template":"","meta":[],"product_cat":[298],"product_tag":[444,264,265,266,441,268,315],"class_list":{"0":"post-6152","1":"product","2":"type-product","3":"status-publish","4":"has-post-thumbnail","6":"product_cat-298","7":"product_tag-carrots-bg","8":"product_tag-export-bg","9":"product_tag-exporter-bg","10":"product_tag-frozen-bg","11":"product_tag-frozen-vegetables-bg","12":"product_tag-iqf-bg","13":"product_tag-315","15":"first","16":"instock","17":"featured","18":"shipping-taxable","19":"product-type-simple"},"aioseo_notices":[],"_links":{"self":[{"href":"https:\/\/reef-misr.com\/bg\/wp-json\/wp\/v2\/product\/6152"}],"collection":[{"href":"https:\/\/reef-misr.com\/bg\/wp-json\/wp\/v2\/product"}],"about":[{"href":"https:\/\/reef-misr.com\/bg\/wp-json\/wp\/v2\/types\/product"}],"wp:featuredmedia":[{"embeddable":true,"href":"https:\/\/reef-misr.com\/bg\/wp-json\/wp\/v2\/media\/6065"}],"wp:attachment":[{"href":"https:\/\/reef-misr.com\/bg\/wp-json\/wp\/v2\/media?parent=6152"}],"wp:term":[{"taxonomy":"product_cat","embeddable":true,"href":"https:\/\/reef-misr.com\/bg\/wp-json\/wp\/v2\/product_cat?post=6152"},{"taxonomy":"product_tag","embeddable":true,"href":"https:\/\/reef-misr.com\/bg\/wp-json\/wp\/v2\/product_tag?post=6152"}],"curies":[{"name":"wp","href":"https:\/\/api.w.org\/{rel}","templated":true}]}}