{"id":6150,"date":"2024-12-29T14:25:53","date_gmt":"2024-12-29T14:25:53","guid":{"rendered":"https:\/\/reef-misr.com\/product\/iqf-mixed-vegetables\/"},"modified":"2025-01-25T14:13:54","modified_gmt":"2025-01-25T14:13:54","slug":"iqf-mixed-vegetables","status":"publish","type":"product","link":"https:\/\/reef-misr.com\/bg\/produkt\/iqf-mixed-vegetables\/","title":{"rendered":"IQF Legumes Mistos"},"content":{"rendered":"","protected":false},"excerpt":{"rendered":"<p>&nbsp;<\/p>\n<h3 style=\"text-align: center;\"><span style=\"color: #1010a1;\"><strong>\u00a0Descri\u00e7\u00e3o do Produto:<\/strong><\/span><\/h3>\n<h4 style=\"text-align: center;\"><span style=\"color: #1f991f;\"><strong>\u00a0Descri\u00e7\u00e3o do Produto: Os Legumes Mistos IQF oferecem uma combina\u00e7\u00e3o vibrante de vegetais de alta qualidade, proporcionando uma op\u00e7\u00e3o nutritiva e vers\u00e1til para uma ampla variedade de refei\u00e7\u00f5es. Cada vegetal \u00e9 congelado no pico da frescor para preservar sua cor natural, textura e sabor.<\/strong><\/span><\/h4>\n<h3 style=\"text-align: center;\"><span style=\"color: #1010a1;\"><strong>\u00a0Pa\u00edses para os quais exportamos:<\/strong><\/span><\/h3>\n<h4 style=\"text-align: center;\"><span style=\"color: #1f991f;\"><strong>\u00a0Em todo o mundo<\/strong><\/span><\/h4>\n<h3 style=\"text-align: center;\"><span style=\"color: #1010a1;\"><strong>\u00a0Temporada da fruta:<\/strong><\/span><\/h3>\n<h4 style=\"text-align: center;\"><span style=\"color: #1f991f;\"><strong>\u00a0De agosto a dezembro<\/strong><\/span><\/h4>\n","protected":false},"featured_media":6079,"template":"","meta":[],"product_cat":[298],"product_tag":[264,265,266,441,268,442],"class_list":{"0":"post-6150","1":"product","2":"type-product","3":"status-publish","4":"has-post-thumbnail","6":"product_cat-298","7":"product_tag-export-bg","8":"product_tag-exporter-bg","9":"product_tag-frozen-bg","10":"product_tag-frozen-vegetables-bg","11":"product_tag-iqf-bg","12":"product_tag-mixed-vegetables-bg","14":"first","15":"instock","16":"featured","17":"shipping-taxable","18":"product-type-simple"},"aioseo_notices":[],"_links":{"self":[{"href":"https:\/\/reef-misr.com\/bg\/wp-json\/wp\/v2\/product\/6150"}],"collection":[{"href":"https:\/\/reef-misr.com\/bg\/wp-json\/wp\/v2\/product"}],"about":[{"href":"https:\/\/reef-misr.com\/bg\/wp-json\/wp\/v2\/types\/product"}],"wp:featuredmedia":[{"embeddable":true,"href":"https:\/\/reef-misr.com\/bg\/wp-json\/wp\/v2\/media\/6079"}],"wp:attachment":[{"href":"https:\/\/reef-misr.com\/bg\/wp-json\/wp\/v2\/media?parent=6150"}],"wp:term":[{"taxonomy":"product_cat","embeddable":true,"href":"https:\/\/reef-misr.com\/bg\/wp-json\/wp\/v2\/product_cat?post=6150"},{"taxonomy":"product_tag","embeddable":true,"href":"https:\/\/reef-misr.com\/bg\/wp-json\/wp\/v2\/product_tag?post=6150"}],"curies":[{"name":"wp","href":"https:\/\/api.w.org\/{rel}","templated":true}]}}