{"id":6148,"date":"2024-12-29T14:26:11","date_gmt":"2024-12-29T14:26:11","guid":{"rendered":"https:\/\/reef-misr.com\/product\/iqf-green-beans\/"},"modified":"2025-01-25T13:56:09","modified_gmt":"2025-01-25T13:56:09","slug":"iqf-green-beans","status":"publish","type":"product","link":"https:\/\/reef-misr.com\/bg\/produkt\/iqf-green-beans\/","title":{"rendered":"IQF Feij\u00e3o Verde"},"content":{"rendered":"","protected":false},"excerpt":{"rendered":"<p>&nbsp;<\/p>\n<h3 style=\"text-align: center;\"><span style=\"color: #1010a1;\"><strong>\u00a0Descri\u00e7\u00e3o do Produto:<\/strong><\/span><\/h3>\n<h4 style=\"text-align: center;\"><span style=\"color: #1f991f;\"><strong>\u00a0Descri\u00e7\u00e3o do Produto: Os Feij\u00f5es Verdes IQF s\u00e3o uma op\u00e7\u00e3o fresca e nutritiva, mantendo sua croc\u00e2ncia natural e cor vibrante. S\u00e3o uma excelente fonte de fibras alimentares, vitamina C, vitamina K, folato e mangan\u00eas, promovendo a sa\u00fade e o bem-estar geral. Perfeitos para sopas, refogados, saladas e acompanhamentos.<\/strong><\/span><\/h4>\n<h3 style=\"text-align: center;\"><span style=\"color: #1010a1;\"><strong>\u00a0Pa\u00edses para os quais exportamos:<\/strong><\/span><\/h3>\n<h4 style=\"text-align: center;\"><span style=\"color: #1f991f;\"><strong>\u00a0Em todo o mundo<\/strong><\/span><\/h4>\n<h3 style=\"text-align: center;\"><span style=\"color: #1010a1;\"><strong>\u00a0Temporada da fruta:<\/strong><\/span><\/h3>\n<h4 style=\"text-align: center;\"><span style=\"color: #1f991f;\"><strong>\u00a0De abril a julho e de outubro a dezembro<\/strong><\/span><\/h4>\n","protected":false},"featured_media":5739,"template":"","meta":[],"product_cat":[298],"product_tag":[264,265,266,438,268],"class_list":{"0":"post-6148","1":"product","2":"type-product","3":"status-publish","4":"has-post-thumbnail","6":"product_cat-298","7":"product_tag-export-bg","8":"product_tag-exporter-bg","9":"product_tag-frozen-bg","10":"product_tag-green-beans-bg","11":"product_tag-iqf-bg","13":"first","14":"instock","15":"featured","16":"shipping-taxable","17":"product-type-simple"},"aioseo_notices":[],"_links":{"self":[{"href":"https:\/\/reef-misr.com\/bg\/wp-json\/wp\/v2\/product\/6148"}],"collection":[{"href":"https:\/\/reef-misr.com\/bg\/wp-json\/wp\/v2\/product"}],"about":[{"href":"https:\/\/reef-misr.com\/bg\/wp-json\/wp\/v2\/types\/product"}],"wp:featuredmedia":[{"embeddable":true,"href":"https:\/\/reef-misr.com\/bg\/wp-json\/wp\/v2\/media\/5739"}],"wp:attachment":[{"href":"https:\/\/reef-misr.com\/bg\/wp-json\/wp\/v2\/media?parent=6148"}],"wp:term":[{"taxonomy":"product_cat","embeddable":true,"href":"https:\/\/reef-misr.com\/bg\/wp-json\/wp\/v2\/product_cat?post=6148"},{"taxonomy":"product_tag","embeddable":true,"href":"https:\/\/reef-misr.com\/bg\/wp-json\/wp\/v2\/product_tag?post=6148"}],"curies":[{"name":"wp","href":"https:\/\/api.w.org\/{rel}","templated":true}]}}