{"id":6144,"date":"2024-11-29T18:28:25","date_gmt":"2024-11-29T18:28:25","guid":{"rendered":"https:\/\/reef-misr.com\/product\/grapefruit\/"},"modified":"2025-01-27T12:30:22","modified_gmt":"2025-01-27T12:30:22","slug":"grapefruit","status":"publish","type":"product","link":"https:\/\/reef-misr.com\/bg\/produkt\/grapefruit\/","title":{"rendered":"Toranja"},"content":{"rendered":"","protected":false},"excerpt":{"rendered":"<h3 style=\"text-align: center;\"><span style=\"color: #1010a1;\"><strong>\u00a0Descri\u00e7\u00e3o do Produto:<\/strong><\/span><\/h3>\n<h4 style=\"text-align: center;\"><span style=\"color: #1f991f;\"><strong><br \/>\nA toranja \u00e9 rica em antioxidantes, vitaminas e minerais, incluindo: vitamina C, vitamina A, pot\u00e1ssio, fibras alimentares e flavonoides, que ajudam a fortalecer a sa\u00fade imunol\u00f3gica e a prevenir doen\u00e7as.<\/strong><\/span><\/h4>\n<h3 style=\"text-align: center;\"><span style=\"color: #1010a1;\"><strong>\u00a0Pa\u00edses para os quais exportamos:<\/strong><\/span><\/h3>\n<h4 style=\"text-align: center;\"><span style=\"color: #1f991f;\"><strong>\u00a0Por todo o mundo<\/strong><\/span><\/h4>\n<h3 style=\"text-align: center;\"><span style=\"color: #1010a1;\"><strong>\u00a0Temporada de frutas<\/strong><\/span><\/h3>\n<h4 style=\"text-align: center;\"><span style=\"color: #1f991f;\"><strong>\u00a0De dezembro a maio<\/strong><\/span><\/h4>\n","protected":false},"featured_media":5699,"template":"","meta":[],"product_cat":[294],"product_tag":[419,264,265,420,429,322],"class_list":{"0":"post-6144","1":"product","2":"type-product","3":"status-publish","4":"has-post-thumbnail","6":"product_cat-294","7":"product_tag-citrus-bg","8":"product_tag-export-bg","9":"product_tag-exporter-bg","10":"product_tag-fruit-bg","11":"product_tag-grapefruit-bg","12":"product_tag-322","14":"first","15":"instock","16":"shipping-taxable","17":"product-type-simple"},"aioseo_notices":[],"_links":{"self":[{"href":"https:\/\/reef-misr.com\/bg\/wp-json\/wp\/v2\/product\/6144"}],"collection":[{"href":"https:\/\/reef-misr.com\/bg\/wp-json\/wp\/v2\/product"}],"about":[{"href":"https:\/\/reef-misr.com\/bg\/wp-json\/wp\/v2\/types\/product"}],"wp:featuredmedia":[{"embeddable":true,"href":"https:\/\/reef-misr.com\/bg\/wp-json\/wp\/v2\/media\/5699"}],"wp:attachment":[{"href":"https:\/\/reef-misr.com\/bg\/wp-json\/wp\/v2\/media?parent=6144"}],"wp:term":[{"taxonomy":"product_cat","embeddable":true,"href":"https:\/\/reef-misr.com\/bg\/wp-json\/wp\/v2\/product_cat?post=6144"},{"taxonomy":"product_tag","embeddable":true,"href":"https:\/\/reef-misr.com\/bg\/wp-json\/wp\/v2\/product_tag?post=6144"}],"curies":[{"name":"wp","href":"https:\/\/api.w.org\/{rel}","templated":true}]}}